{"id":753,"date":"2024-01-04T18:18:40","date_gmt":"2024-01-04T18:18:40","guid":{"rendered":"https:\/\/www.craneandhandling.com\/?page_id=753"},"modified":"2026-04-13T06:36:25","modified_gmt":"2026-04-13T06:36:25","slug":"eepos-move","status":"publish","type":"page","link":"https:\/\/www.craneandhandling.com\/en\/eepos-move\/","title":{"rendered":"eepos-move"},"content":{"rendered":"<div data-elementor-type=\"wp-page\" data-elementor-id=\"753\" class=\"elementor elementor-753\" data-elementor-post-type=\"page\">\n\t\t\t\t\t\t<section class=\"elementor-section elementor-top-section elementor-element elementor-element-cbb72c3 elementor-section-height-min-height elementor-section-content-top elementor-section-items-top elementor-section-boxed elementor-section-height-default\" data-id=\"cbb72c3\" data-element_type=\"section\" data-e-type=\"section\" data-settings=\"{&quot;background_background&quot;:&quot;classic&quot;}\">\n\t\t\t\t\t\t<div class=\"elementor-container elementor-column-gap-default\">\n\t\t\t\t\t<div class=\"elementor-column elementor-col-100 elementor-top-column elementor-element elementor-element-181190fe\" data-id=\"181190fe\" data-element_type=\"column\" data-e-type=\"column\">\n\t\t\t<div class=\"elementor-widget-wrap elementor-element-populated\">\n\t\t\t\t\t\t<div class=\"elementor-element elementor-element-18c5179 elementor-widget__width-initial elementor-widget elementor-widget-heading\" data-id=\"18c5179\" data-element_type=\"widget\" data-e-type=\"widget\" data-widget_type=\"heading.default\">\n\t\t\t\t<div class=\"elementor-widget-container\">\n\t\t\t\t\t<h1 class=\"elementor-heading-title elementor-size-default\">Electr. lifting axis<\/h1>\t\t\t\t<\/div>\n\t\t\t\t<\/div>\n\t\t\t\t<div class=\"elementor-element elementor-element-7a125491 elementor-align-center elementor-widget elementor-widget-button\" data-id=\"7a125491\" data-element_type=\"widget\" data-e-type=\"widget\" data-widget_type=\"button.default\">\n\t\t\t\t<div class=\"elementor-widget-container\">\n\t\t\t\t\t\t\t\t\t<div class=\"elementor-button-wrapper\">\n\t\t\t\t\t<a class=\"elementor-button elementor-button-link elementor-size-xs\" href=\"#\">\n\t\t\t\t\t\t<span class=\"elementor-button-content-wrapper\">\n\t\t\t\t\t\t\t\t\t<span class=\"elementor-button-text\">eepos move<\/span>\n\t\t\t\t\t<\/span>\n\t\t\t\t\t<\/a>\n\t\t\t\t<\/div>\n\t\t\t\t\t\t\t\t<\/div>\n\t\t\t\t<\/div>\n\t\t\t\t\t<\/div>\n\t\t<\/div>\n\t\t\t\t\t<\/div>\n\t\t<\/section>\n\t\t\t\t<section class=\"elementor-section elementor-top-section elementor-element elementor-element-97f64cb elementor-section-boxed elementor-section-height-default elementor-section-height-default\" data-id=\"97f64cb\" data-element_type=\"section\" data-e-type=\"section\">\n\t\t\t\t\t\t<div class=\"elementor-container elementor-column-gap-default\">\n\t\t\t\t\t<div class=\"elementor-column elementor-col-100 elementor-top-column elementor-element elementor-element-1e24900\" data-id=\"1e24900\" data-element_type=\"column\" data-e-type=\"column\">\n\t\t\t<div class=\"elementor-widget-wrap elementor-element-populated\">\n\t\t\t\t\t\t<div class=\"elementor-element elementor-element-62850e6 elementor-widget elementor-widget-heading\" data-id=\"62850e6\" data-element_type=\"widget\" data-e-type=\"widget\" data-widget_type=\"heading.default\">\n\t\t\t\t<div class=\"elementor-widget-container\">\n\t\t\t\t\t<h2 class=\"elementor-heading-title elementor-size-default\">Emel\u0151 tengely manipul\u00e1torokhoz<\/h2>\t\t\t\t<\/div>\n\t\t\t\t<\/div>\n\t\t\t\t<section class=\"elementor-section elementor-inner-section elementor-element elementor-element-4240210 elementor-section-boxed elementor-section-height-default elementor-section-height-default\" data-id=\"4240210\" data-element_type=\"section\" data-e-type=\"section\">\n\t\t\t\t\t\t<div class=\"elementor-container elementor-column-gap-default\">\n\t\t\t\t\t<div class=\"elementor-column elementor-col-50 elementor-inner-column elementor-element elementor-element-29fe3bc\" data-id=\"29fe3bc\" data-element_type=\"column\" data-e-type=\"column\">\n\t\t\t<div class=\"elementor-widget-wrap elementor-element-populated\">\n\t\t\t\t\t\t<div class=\"elementor-element elementor-element-6f764d6 elementor-widget elementor-widget-text-editor\" data-id=\"6f764d6\" data-element_type=\"widget\" data-e-type=\"widget\" data-widget_type=\"text-editor.default\">\n\t\t\t\t<div class=\"elementor-widget-container\">\n\t\t\t\t\t\t\t\t\t<p><span class=\"HwtZe\" lang=\"hu\"><span class=\"jCAhz ChMk0b\"><span class=\"ryNqvb\">Az eepos mozgathat\u00f3 emel\u0151tengely fejleszt\u00e9s\u00e9vel k\u00f6vetkezetesen kieg\u00e9sz\u00edtett\u00fck \u00e9s tov\u00e1bb b\u0151v\u00edtett\u00fck alum\u00ednium modul\u00e1ris rendszer\u00fcnket a k\u00f6nny\u0171 \u00e9s ergonomikus teherkezel\u00e9s \u00e9rdek\u00e9ben. Az emel\u0151tengely nagy teherb\u00edr\u00e1s\u00fa, extrud\u00e1lt alum\u00ednium profilokb\u00f3l \u00e1ll, \u00e9s elektromosan vagy pneumatikusan m\u0171k\u00f6dtethet\u0151. Az \u00e1ll\u00edthat\u00f3 vezet\u0151nyergek goly\u00f3scsap\u00e1gyai nagy pontoss\u00e1g\u00fa, edzett k\u00f6rac\u00e9lon futnak, \u00edgy kiv\u00e1l\u00f3 fut\u00e1si tulajdons\u00e1gokat \u00e9s alacsony kop\u00e1s\u00e1ll\u00f3s\u00e1got \u00e9rnek el. Ennek a speci\u00e1lis eepos vezet\u0151nek k\u00f6sz\u00f6nhet\u0151en az emel\u0151tengely a kett\u0151s vagy h\u00e1romszoros teleszk\u00f3pj\u00e1val teljesen j\u00e1t\u00e9kmentesen m\u0171k\u00f6dik. M\u00e9g 2500 Nm-ig terjed\u0151 excentrikus terhel\u00e9s is biztons\u00e1gosan kezelhet\u0151. K\u00e9r\u00e9sre ak\u00e1r t\u00f6bb m\u00e9teres l\u00f6ket is lehets\u00e9ges. A k\u00fcls\u0151, elemekkel kompatibilis hornyokhoz k\u00f6nnyen r\u00f6gz\u00edthet\u0151k a r\u00f6gz\u00edt\u00e9sek, p\u00e9ld\u00e1ul az energial\u00e1ncok.<\/span><\/span><\/span><\/p>\t\t\t\t\t\t\t\t<\/div>\n\t\t\t\t<\/div>\n\t\t\t\t\t<\/div>\n\t\t<\/div>\n\t\t\t\t<div class=\"elementor-column elementor-col-50 elementor-inner-column elementor-element elementor-element-617f1de\" data-id=\"617f1de\" data-element_type=\"column\" data-e-type=\"column\">\n\t\t\t<div class=\"elementor-widget-wrap elementor-element-populated\">\n\t\t\t\t\t\t<div class=\"elementor-element elementor-element-840197d elementor-widget elementor-widget-image\" data-id=\"840197d\" data-element_type=\"widget\" data-e-type=\"widget\" data-widget_type=\"image.default\">\n\t\t\t\t<div class=\"elementor-widget-container\">\n\t\t\t\t\t\t\t\t\t\t\t\t\t\t\t<img fetchpriority=\"high\" decoding=\"async\" width=\"180\" height=\"300\" src=\"https:\/\/www.craneandhandling.com\/wp-content\/uploads\/2023\/09\/eepos-Hubachse-180x300.png\" class=\"attachment-medium size-medium wp-image-428\" alt=\"eepos emel\u0151 tengely\" srcset=\"https:\/\/www.craneandhandling.com\/wp-content\/uploads\/2023\/09\/eepos-Hubachse-180x300.png 180w, https:\/\/www.craneandhandling.com\/wp-content\/uploads\/2023\/09\/eepos-Hubachse-7x12.png 7w, https:\/\/www.craneandhandling.com\/wp-content\/uploads\/2023\/09\/eepos-Hubachse.png 600w\" sizes=\"(max-width: 180px) 100vw, 180px\" \/>\t\t\t\t\t\t\t\t\t\t\t\t\t\t\t<\/div>\n\t\t\t\t<\/div>\n\t\t\t\t\t<\/div>\n\t\t<\/div>\n\t\t\t\t\t<\/div>\n\t\t<\/section>\n\t\t\t\t\t<\/div>\n\t\t<\/div>\n\t\t\t\t\t<\/div>\n\t\t<\/section>\n\t\t\t\t<section class=\"elementor-section elementor-top-section elementor-element elementor-element-e9b6e8d elementor-section-boxed elementor-section-height-default elementor-section-height-default\" data-id=\"e9b6e8d\" data-element_type=\"section\" data-e-type=\"section\">\n\t\t\t\t\t\t<div class=\"elementor-container elementor-column-gap-default\">\n\t\t\t\t\t<div class=\"elementor-column elementor-col-100 elementor-top-column elementor-element elementor-element-3c8a3294\" data-id=\"3c8a3294\" data-element_type=\"column\" data-e-type=\"column\">\n\t\t\t<div class=\"elementor-widget-wrap elementor-element-populated\">\n\t\t\t\t\t\t<div class=\"elementor-element elementor-element-2abdfb8 elementor-widget elementor-widget-toggle\" data-id=\"2abdfb8\" data-element_type=\"widget\" data-e-type=\"widget\" data-widget_type=\"toggle.default\">\n\t\t\t\t<div class=\"elementor-widget-container\">\n\t\t\t\t\t\t\t<div class=\"elementor-toggle\">\n\t\t\t\t\t\t\t<div class=\"elementor-toggle-item\">\n\t\t\t\t\t<div id=\"elementor-tab-title-4481\" class=\"elementor-tab-title\" data-tab=\"1\" role=\"button\" aria-controls=\"elementor-tab-content-4481\" aria-expanded=\"false\">\n\t\t\t\t\t\t\t\t\t\t\t\t<span class=\"elementor-toggle-icon elementor-toggle-icon-left\" aria-hidden=\"true\">\n\t\t\t\t\t\t\t\t\t\t\t\t\t\t\t<span class=\"elementor-toggle-icon-closed\"><i class=\"fas fa-angle-double-down\"><\/i><\/span>\n\t\t\t\t\t\t\t\t<span class=\"elementor-toggle-icon-opened\"><i class=\"elementor-toggle-icon-opened fas fa-chevron-down\"><\/i><\/span>\n\t\t\t\t\t\t\t\t\t\t\t\t\t<\/span>\n\t\t\t\t\t\t\t\t\t\t\t\t<a class=\"elementor-toggle-title\" tabindex=\"0\">Az eepos alum\u00ednium emel\u0151 tengely el\u0151nyei<\/a>\n\t\t\t\t\t<\/div>\n\n\t\t\t\t\t<div id=\"elementor-tab-content-4481\" class=\"elementor-tab-content elementor-clearfix\" data-tab=\"1\" role=\"region\" aria-labelledby=\"elementor-tab-title-4481\"><ul>\n<li>Magas terhelhet\u0151s\u00e9g\u0171, k\u00f6nnyen mozgathat\u00f3 ipari emel\u0151eszk\u00f6z, m\u00e9g az excentrikus terhel\u00e9sek eset\u00e9n is j\u00e1t\u00e9kmentes \u00e9s karbantart\u00e1sbar\u00e1t.<\/li>\n<li>K\u00fcls\u0151 item-n\u00fatok lehet\u0151v\u00e9 teszik k\u00fcl\u00f6nb\u00f6z\u0151 ut\u00f3lagos alkatr\u00e9szek egyszer\u0171 felszerel\u00e9s\u00e9t.<br><\/li>\n<li>Gyors szerel\u00e9s a standardiz\u00e1lt elemek seg\u00edts\u00e9g\u00e9vel, mint p\u00e9ld\u00e1ul az extrud\u00e1lt profilok, csap\u00e1gyegys\u00e9gek stb.<\/li>\n<li>Gyors \u00e9s egyszer\u0171 tervez\u00e9s k\u00fcl\u00f6nb\u00f6z\u0151 v\u00e1ltozatokra. K\u00e9rje seg\u00edts\u00e9g\u00fcnket!<\/li>\n<\/ul><\/div>\n\t\t\t\t<\/div>\n\t\t\t\t\t\t\t<div class=\"elementor-toggle-item\">\n\t\t\t\t\t<div id=\"elementor-tab-title-4482\" class=\"elementor-tab-title\" data-tab=\"2\" role=\"button\" aria-controls=\"elementor-tab-content-4482\" aria-expanded=\"false\">\n\t\t\t\t\t\t\t\t\t\t\t\t<span class=\"elementor-toggle-icon elementor-toggle-icon-left\" aria-hidden=\"true\">\n\t\t\t\t\t\t\t\t\t\t\t\t\t\t\t<span class=\"elementor-toggle-icon-closed\"><i class=\"fas fa-angle-double-down\"><\/i><\/span>\n\t\t\t\t\t\t\t\t<span class=\"elementor-toggle-icon-opened\"><i class=\"elementor-toggle-icon-opened fas fa-chevron-down\"><\/i><\/span>\n\t\t\t\t\t\t\t\t\t\t\t\t\t<\/span>\n\t\t\t\t\t\t\t\t\t\t\t\t<a class=\"elementor-toggle-title\" tabindex=\"0\">Kivitel<\/a>\n\t\t\t\t\t<\/div>\n\n\t\t\t\t\t<div id=\"elementor-tab-content-4482\" class=\"elementor-tab-content elementor-clearfix\" data-tab=\"2\" role=\"region\" aria-labelledby=\"elementor-tab-title-4482\"><ul><li>csak profil: g\u00e9p\u00e9p\u00edt\u0151 c\u00e9gek r\u00e9sz\u00e9re, saj\u00e1t maguk \u00e1ltal tervezett megfog\u00f3khoz \u00e9s hajt\u00e1segys\u00e9gekhez<\/li><li>elektromos l\u00e1ncos emel\u0151vel, a l\u00e1nc az alu profilban helyezkedik el<\/li><li>a megrendel\u0151 ig\u00e9nyei szerinti k\u00fcls\u0151 emel\u0151berendez\u00e9ssel, manipul\u00e1torral, balanszerrel<\/li><\/ul><p>\u00a0<\/p><\/div>\n\t\t\t\t<\/div>\n\t\t\t\t\t\t\t<div class=\"elementor-toggle-item\">\n\t\t\t\t\t<div id=\"elementor-tab-title-4483\" class=\"elementor-tab-title\" data-tab=\"3\" role=\"button\" aria-controls=\"elementor-tab-content-4483\" aria-expanded=\"false\">\n\t\t\t\t\t\t\t\t\t\t\t\t<span class=\"elementor-toggle-icon elementor-toggle-icon-left\" aria-hidden=\"true\">\n\t\t\t\t\t\t\t\t\t\t\t\t\t\t\t<span class=\"elementor-toggle-icon-closed\"><i class=\"fas fa-angle-double-down\"><\/i><\/span>\n\t\t\t\t\t\t\t\t<span class=\"elementor-toggle-icon-opened\"><i class=\"elementor-toggle-icon-opened fas fa-chevron-down\"><\/i><\/span>\n\t\t\t\t\t\t\t\t\t\t\t\t\t<\/span>\n\t\t\t\t\t\t\t\t\t\t\t\t<a class=\"elementor-toggle-title\" tabindex=\"0\">Applications<\/a>\n\t\t\t\t\t<\/div>\n\n\t\t\t\t\t<div id=\"elementor-tab-content-4483\" class=\"elementor-tab-content elementor-clearfix\" data-tab=\"3\" role=\"region\" aria-labelledby=\"elementor-tab-title-4483\"><ul>\n \t<li>manipul\u00e1torok<\/li>\n \t<li>egyedi megfog\u00f3k<\/li>\n<\/ul>\n<img decoding=\"async\" class=\"size-medium wp-image-487\" src=\"https:\/\/www.craneandhandling.com\/wp-content\/uploads\/2023\/09\/IMG_6321-e1694535451918-300x278.jpeg\" alt=\"\" width=\"300\" height=\"278\" srcset=\"https:\/\/www.craneandhandling.com\/wp-content\/uploads\/2023\/09\/IMG_6321-e1694535451918-300x278.jpeg 300w, https:\/\/www.craneandhandling.com\/wp-content\/uploads\/2023\/09\/IMG_6321-e1694535451918-1024x948.jpeg 1024w, https:\/\/www.craneandhandling.com\/wp-content\/uploads\/2023\/09\/IMG_6321-e1694535451918-768x711.jpeg 768w, https:\/\/www.craneandhandling.com\/wp-content\/uploads\/2023\/09\/IMG_6321-e1694535451918-13x12.jpeg 13w, https:\/\/www.craneandhandling.com\/wp-content\/uploads\/2023\/09\/IMG_6321-e1694535451918.jpeg 1276w\" sizes=\"(max-width: 300px) 100vw, 300px\" \/> <img decoding=\"async\" class=\"alignnone size-medium wp-image-477\" src=\"https:\/\/www.craneandhandling.com\/wp-content\/uploads\/2023\/09\/eepos-move-l-foto-2-300x200.png\" alt=\"\" width=\"415\" height=\"200\" \/><\/div>\n\t\t\t\t<\/div>\n\t\t\t\t\t\t\t\t<\/div>\n\t\t\t\t\t\t<\/div>\n\t\t\t\t<\/div>\n\t\t\t\t\t<\/div>\n\t\t<\/div>\n\t\t\t\t\t<\/div>\n\t\t<\/section>\n\t\t\t\t<section class=\"elementor-section elementor-top-section elementor-element elementor-element-1890589 elementor-section-boxed elementor-section-height-default elementor-section-height-default\" data-id=\"1890589\" data-element_type=\"section\" data-e-type=\"section\">\n\t\t\t\t\t\t<div class=\"elementor-container elementor-column-gap-default\">\n\t\t\t\t\t<div class=\"elementor-column elementor-col-100 elementor-top-column elementor-element elementor-element-f5d4fb0\" data-id=\"f5d4fb0\" data-element_type=\"column\" data-e-type=\"column\">\n\t\t\t<div class=\"elementor-widget-wrap elementor-element-populated\">\n\t\t\t\t\t\t<div class=\"elementor-element elementor-element-6f8be6a elementor-align-center elementor-widget elementor-widget-button\" data-id=\"6f8be6a\" data-element_type=\"widget\" data-e-type=\"widget\" data-widget_type=\"button.default\">\n\t\t\t\t<div class=\"elementor-widget-container\">\n\t\t\t\t\t\t\t\t\t<div class=\"elementor-button-wrapper\">\n\t\t\t\t\t<a class=\"elementor-button elementor-button-link elementor-size-lg\" href=\"mailto:info@craneandhandling.com\">\n\t\t\t\t\t\t<span class=\"elementor-button-content-wrapper\">\n\t\t\t\t\t\t\t\t\t<span class=\"elementor-button-text\">    INQUIRY<\/span>\n\t\t\t\t\t<\/span>\n\t\t\t\t\t<\/a>\n\t\t\t\t<\/div>\n\t\t\t\t\t\t\t\t<\/div>\n\t\t\t\t<\/div>\n\t\t\t\t\t<\/div>\n\t\t<\/div>\n\t\t\t\t\t<\/div>\n\t\t<\/section>\n\t\t\t\t<\/div>","protected":false},"excerpt":{"rendered":"<p>Elektromos emel\u0151 tengelyek eepos move Emel\u0151 tengely manipul\u00e1torokhoz Az eepos mozgathat\u00f3 emel\u0151tengely fejleszt\u00e9s\u00e9vel k\u00f6vetkezetesen kieg\u00e9sz\u00edtett\u00fck \u00e9s tov\u00e1bb b\u0151v\u00edtett\u00fck alum\u00ednium modul\u00e1ris rendszer\u00fcnket a k\u00f6nny\u0171 \u00e9s ergonomikus teherkezel\u00e9s \u00e9rdek\u00e9ben. Az emel\u0151tengely nagy teherb\u00edr\u00e1s\u00fa, extrud\u00e1lt alum\u00ednium profilokb\u00f3l \u00e1ll, \u00e9s elektromosan vagy pneumatikusan m\u0171k\u00f6dtethet\u0151. Az \u00e1ll\u00edthat\u00f3 vezet\u0151nyergek goly\u00f3scsap\u00e1gyai nagy pontoss\u00e1g\u00fa, edzett k\u00f6rac\u00e9lon futnak, \u00edgy kiv\u00e1l\u00f3 fut\u00e1si tulajdons\u00e1gokat \u00e9s alacsony &#8230; <a title=\"eepos-move\" class=\"read-more\" href=\"https:\/\/www.craneandhandling.com\/en\/eepos-move\/\" aria-label=\"Read more about eepos-move\">Read more<\/a><\/p>","protected":false},"author":1,"featured_media":0,"parent":0,"menu_order":0,"comment_status":"closed","ping_status":"closed","template":"elementor_header_footer","meta":{"_seopress_robots_primary_cat":"","_seopress_titles_title":"Crane & Handling | Electric Balancers, Manipulators & Light Crane Systems \u2013 Central Europe","_seopress_titles_desc":"","_seopress_robots_index":"","iawp_total_views":89,"footnotes":""},"class_list":["post-753","page","type-page","status-publish"],"_links":{"self":[{"href":"https:\/\/www.craneandhandling.com\/en\/wp-json\/wp\/v2\/pages\/753","targetHints":{"allow":["GET"]}}],"collection":[{"href":"https:\/\/www.craneandhandling.com\/en\/wp-json\/wp\/v2\/pages"}],"about":[{"href":"https:\/\/www.craneandhandling.com\/en\/wp-json\/wp\/v2\/types\/page"}],"author":[{"embeddable":true,"href":"https:\/\/www.craneandhandling.com\/en\/wp-json\/wp\/v2\/users\/1"}],"replies":[{"embeddable":true,"href":"https:\/\/www.craneandhandling.com\/en\/wp-json\/wp\/v2\/comments?post=753"}],"version-history":[{"count":20,"href":"https:\/\/www.craneandhandling.com\/en\/wp-json\/wp\/v2\/pages\/753\/revisions"}],"predecessor-version":[{"id":1270,"href":"https:\/\/www.craneandhandling.com\/en\/wp-json\/wp\/v2\/pages\/753\/revisions\/1270"}],"wp:attachment":[{"href":"https:\/\/www.craneandhandling.com\/en\/wp-json\/wp\/v2\/media?parent=753"}],"curies":[{"name":"wp","href":"https:\/\/api.w.org\/{rel}","templated":true}]}}