{"id":726,"date":"2024-01-04T17:36:51","date_gmt":"2024-01-04T17:36:51","guid":{"rendered":"https:\/\/www.craneandhandling.com\/?page_id=726"},"modified":"2026-04-13T06:36:34","modified_gmt":"2026-04-13T06:36:34","slug":"mancor","status":"publish","type":"page","link":"https:\/\/www.craneandhandling.com\/en\/mancor\/","title":{"rendered":"mancor"},"content":{"rendered":"<div data-elementor-type=\"wp-page\" data-elementor-id=\"726\" class=\"elementor elementor-726\" data-elementor-post-type=\"page\">\n\t\t\t\t\t\t<section class=\"elementor-section elementor-top-section elementor-element elementor-element-55c2bebb elementor-section-height-min-height elementor-section-content-top elementor-section-boxed elementor-section-height-default elementor-section-items-middle\" data-id=\"55c2bebb\" data-element_type=\"section\" data-e-type=\"section\" data-settings=\"{&quot;background_background&quot;:&quot;classic&quot;}\">\n\t\t\t\t\t\t<div class=\"elementor-container elementor-column-gap-default\">\n\t\t\t\t\t<div class=\"elementor-column elementor-col-100 elementor-top-column elementor-element elementor-element-738cd12a\" data-id=\"738cd12a\" data-element_type=\"column\" data-e-type=\"column\">\n\t\t\t<div class=\"elementor-widget-wrap elementor-element-populated\">\n\t\t\t\t\t\t<div class=\"elementor-element elementor-element-7dd295e7 elementor-widget__width-initial elementor-widget elementor-widget-heading\" data-id=\"7dd295e7\" data-element_type=\"widget\" data-e-type=\"widget\" data-widget_type=\"heading.default\">\n\t\t\t\t<div class=\"elementor-widget-container\">\n\t\t\t\t\t<h1 class=\"elementor-heading-title elementor-size-default\">Knick-Arm rope balancer<\/h1>\t\t\t\t<\/div>\n\t\t\t\t<\/div>\n\t\t\t\t<div class=\"elementor-element elementor-element-1b46496d elementor-align-center elementor-widget elementor-widget-button\" data-id=\"1b46496d\" data-element_type=\"widget\" data-e-type=\"widget\" data-widget_type=\"button.default\">\n\t\t\t\t<div class=\"elementor-widget-container\">\n\t\t\t\t\t\t\t\t\t<div class=\"elementor-button-wrapper\">\n\t\t\t\t\t<a class=\"elementor-button elementor-button-link elementor-size-xs\" href=\"#\">\n\t\t\t\t\t\t<span class=\"elementor-button-content-wrapper\">\n\t\t\t\t\t\t\t\t\t<span class=\"elementor-button-text\">MANCOR<\/span>\n\t\t\t\t\t<\/span>\n\t\t\t\t\t<\/a>\n\t\t\t\t<\/div>\n\t\t\t\t\t\t\t\t<\/div>\n\t\t\t\t<\/div>\n\t\t\t\t\t<\/div>\n\t\t<\/div>\n\t\t\t\t\t<\/div>\n\t\t<\/section>\n\t\t\t\t<section class=\"elementor-section elementor-top-section elementor-element elementor-element-1b411bc9 elementor-section-boxed elementor-section-height-default elementor-section-height-default\" data-id=\"1b411bc9\" data-element_type=\"section\" data-e-type=\"section\">\n\t\t\t\t\t\t<div class=\"elementor-container elementor-column-gap-default\">\n\t\t\t\t\t<div class=\"elementor-column elementor-col-100 elementor-top-column elementor-element elementor-element-4354c619\" data-id=\"4354c619\" data-element_type=\"column\" data-e-type=\"column\">\n\t\t\t<div class=\"elementor-widget-wrap elementor-element-populated\">\n\t\t\t\t\t\t<div class=\"elementor-element elementor-element-69ee9ae0 elementor-widget elementor-widget-toggle\" data-id=\"69ee9ae0\" data-element_type=\"widget\" data-e-type=\"widget\" data-widget_type=\"toggle.default\">\n\t\t\t\t<div class=\"elementor-widget-container\">\n\t\t\t\t\t\t\t<div class=\"elementor-toggle\">\n\t\t\t\t\t\t\t<div class=\"elementor-toggle-item\">\n\t\t\t\t\t<div id=\"elementor-tab-title-1771\" class=\"elementor-tab-title\" data-tab=\"1\" role=\"button\" aria-controls=\"elementor-tab-content-1771\" aria-expanded=\"false\">\n\t\t\t\t\t\t\t\t\t\t\t\t<span class=\"elementor-toggle-icon elementor-toggle-icon-left\" aria-hidden=\"true\">\n\t\t\t\t\t\t\t\t\t\t\t\t\t\t\t<span class=\"elementor-toggle-icon-closed\"><i class=\"fas fa-angle-double-down\"><\/i><\/span>\n\t\t\t\t\t\t\t\t<span class=\"elementor-toggle-icon-opened\"><i class=\"elementor-toggle-icon-opened fas fa-chevron-down\"><\/i><\/span>\n\t\t\t\t\t\t\t\t\t\t\t\t\t<\/span>\n\t\t\t\t\t\t\t\t\t\t\t\t<a class=\"elementor-toggle-title\" tabindex=\"0\">Technical details<\/a>\n\t\t\t\t\t<\/div>\n\n\t\t\t\t\t<div id=\"elementor-tab-content-1771\" class=\"elementor-tab-content elementor-clearfix\" data-tab=\"1\" role=\"region\" aria-labelledby=\"elementor-tab-title-1771\"><ul><li>Kombin\u00e1lja az ak\u00e1r 60 kg teherb\u00edr\u00e1s\u00fa k\u00f6t\u00e9l-kiegyens\u00falyoz\u00f3t \u00e9s a csukl\u00f3s g\u00e9met<\/li><li>A m\u0171k\u00f6d\u00e9si sug\u00e1r legfeljebb 2,8 m lehet<\/li><li>K\u00fcl\u00f6n\u00f6sen alkalmas sz\u0171k, alacsony helyig\u00e9ny\u0171 k\u00f6r\u00fclm\u00e9nyek k\u00f6z\u00f6tt<\/li><\/ul><\/div>\n\t\t\t\t<\/div>\n\t\t\t\t\t\t\t<div class=\"elementor-toggle-item\">\n\t\t\t\t\t<div id=\"elementor-tab-title-1772\" class=\"elementor-tab-title\" data-tab=\"2\" role=\"button\" aria-controls=\"elementor-tab-content-1772\" aria-expanded=\"false\">\n\t\t\t\t\t\t\t\t\t\t\t\t<span class=\"elementor-toggle-icon elementor-toggle-icon-left\" aria-hidden=\"true\">\n\t\t\t\t\t\t\t\t\t\t\t\t\t\t\t<span class=\"elementor-toggle-icon-closed\"><i class=\"fas fa-angle-double-down\"><\/i><\/span>\n\t\t\t\t\t\t\t\t<span class=\"elementor-toggle-icon-opened\"><i class=\"elementor-toggle-icon-opened fas fa-chevron-down\"><\/i><\/span>\n\t\t\t\t\t\t\t\t\t\t\t\t\t<\/span>\n\t\t\t\t\t\t\t\t\t\t\t\t<a class=\"elementor-toggle-title\" tabindex=\"0\">Functions<\/a>\n\t\t\t\t\t<\/div>\n\n\t\t\t\t\t<div id=\"elementor-tab-content-1772\" class=\"elementor-tab-content elementor-clearfix\" data-tab=\"2\" role=\"region\" aria-labelledby=\"elementor-tab-title-1772\"><ul><li>Kiz\u00e1r\u00f3lag pneumatikus<\/li><li>Maxim\u00e1lis \u00fczemi nyom\u00e1s: 5 bar<\/li><li>H\u00e1rom s\u0171r\u00edtett leveg\u0151 k\u00f6r: egy vez\u00e9rl\u0151k\u00f6r, egy munkak\u00f6r, egy f\u00e9kk\u00f6r<\/li><li>A felhaszn\u00e1l\u00f3specifikus nyom\u00e1shoz \u00e1ll\u00edthat\u00f3 nyom\u00e1scs\u00f6kkent\u0151 szelep<\/li><\/ul><p><img fetchpriority=\"high\" decoding=\"async\" class=\"alignnone size-medium wp-image-1214\" src=\"https:\/\/www.craneandhandling.com\/wp-content\/uploads\/2024\/05\/sachs-products-knickarm-seilbalancer-mancor6-1-300x232.jpg\" alt=\"\" width=\"300\" height=\"232\" srcset=\"https:\/\/www.craneandhandling.com\/wp-content\/uploads\/2024\/05\/sachs-products-knickarm-seilbalancer-mancor6-1-300x232.jpg 300w, https:\/\/www.craneandhandling.com\/wp-content\/uploads\/2024\/05\/sachs-products-knickarm-seilbalancer-mancor6-1-768x593.jpg 768w, https:\/\/www.craneandhandling.com\/wp-content\/uploads\/2024\/05\/sachs-products-knickarm-seilbalancer-mancor6-1-16x12.jpg 16w, https:\/\/www.craneandhandling.com\/wp-content\/uploads\/2024\/05\/sachs-products-knickarm-seilbalancer-mancor6-1.jpg 1000w\" sizes=\"(max-width: 300px) 100vw, 300px\" \/>\u00a0<\/p><\/div>\n\t\t\t\t<\/div>\n\t\t\t\t\t\t\t<div class=\"elementor-toggle-item\">\n\t\t\t\t\t<div id=\"elementor-tab-title-1773\" class=\"elementor-tab-title\" data-tab=\"3\" role=\"button\" aria-controls=\"elementor-tab-content-1773\" aria-expanded=\"false\">\n\t\t\t\t\t\t\t\t\t\t\t\t<span class=\"elementor-toggle-icon elementor-toggle-icon-left\" aria-hidden=\"true\">\n\t\t\t\t\t\t\t\t\t\t\t\t\t\t\t<span class=\"elementor-toggle-icon-closed\"><i class=\"fas fa-angle-double-down\"><\/i><\/span>\n\t\t\t\t\t\t\t\t<span class=\"elementor-toggle-icon-opened\"><i class=\"elementor-toggle-icon-opened fas fa-chevron-down\"><\/i><\/span>\n\t\t\t\t\t\t\t\t\t\t\t\t\t<\/span>\n\t\t\t\t\t\t\t\t\t\t\t\t<a class=\"elementor-toggle-title\" tabindex=\"0\">Dimensions<\/a>\n\t\t\t\t\t<\/div>\n\n\t\t\t\t\t<div id=\"elementor-tab-content-1773\" class=\"elementor-tab-content elementor-clearfix\" data-tab=\"3\" role=\"region\" aria-labelledby=\"elementor-tab-title-1773\"><p><img fetchpriority=\"high\" decoding=\"async\" class=\"alignnone size-medium wp-image-1214\" src=\"https:\/\/www.craneandhandling.com\/wp-content\/uploads\/2024\/05\/sachs-products-knickarm-seilbalancer-mancor6-1-300x232.jpg\" alt=\"\" width=\"300\" height=\"232\" srcset=\"https:\/\/www.craneandhandling.com\/wp-content\/uploads\/2024\/05\/sachs-products-knickarm-seilbalancer-mancor6-1-300x232.jpg 300w, https:\/\/www.craneandhandling.com\/wp-content\/uploads\/2024\/05\/sachs-products-knickarm-seilbalancer-mancor6-1-768x593.jpg 768w, https:\/\/www.craneandhandling.com\/wp-content\/uploads\/2024\/05\/sachs-products-knickarm-seilbalancer-mancor6-1-16x12.jpg 16w, https:\/\/www.craneandhandling.com\/wp-content\/uploads\/2024\/05\/sachs-products-knickarm-seilbalancer-mancor6-1.jpg 1000w\" sizes=\"(max-width: 300px) 100vw, 300px\" \/><\/p><table><tbody><tr><td><p>\u00a0<\/p><\/td><td><p>MANCOR 6<\/p><\/td><\/tr><tr><td><p>MAX. TERHEL\u00c9S<\/p><\/td><td><p>120 kg<\/p><\/td><\/tr><tr><td><p>HUB<\/p><\/td><td><p>1700 mm<\/p><\/td><\/tr><tr><td><p>M\u0170K\u00d6D\u00c9SI SUG\u00c1R<\/p><\/td><td><p>2800 mm<\/p><\/td><\/tr><tr><td><p>S\u00daLY<\/p><\/td><td><p>57,5 kg<\/p><\/td><\/tr><tr><td><p>\u00c1LL\u00d3 OSZLOP<\/p><p>S\u00daLYA<\/p><\/td><td><p>530 mm<\/p><\/td><\/tr><tr><td><p>K\u00dcLS\u0150 \u00d8<\/p><p>TERHEL\u00c9SELOSZT\u00d3<\/p><p>LEMEZ<\/p><\/td><td><p>530 mm<\/p><\/td><\/tr><tr><td><p>OSZLOP<\/p><\/td><td><p>ca. 2m<\/p><\/td><\/tr><tr><td><p>TEHERELOSZT\u00d3<\/p><p>LEMEZ<\/p><\/td><td><p>VAS2 BG200-530-M16<\/p><\/td><\/tr><tr><td><p>BELMAGASS\u00c1G MIN.<\/p><\/td><td><p>2600 mm<\/p><\/td><\/tr><\/tbody><\/table><p>\u00a0<\/p><p>Az \u00fcgyf\u00e9lspecifikus k\u00f6vetelm\u00e9nyek, mint p\u00e9ld\u00e1ul a nagyobb emel\u00e9si kapacit\u00e1s, a nagyobb munkasug\u00e1r vagy a nagyobb l\u00f6ket a param\u00e9terek k\u00fcl\u00f6n vizsg\u00e1lata ut\u00e1n val\u00f3s\u00edthat\u00f3k meg.<\/p><\/div>\n\t\t\t\t<\/div>\n\t\t\t\t\t\t\t<div class=\"elementor-toggle-item\">\n\t\t\t\t\t<div id=\"elementor-tab-title-1774\" class=\"elementor-tab-title\" data-tab=\"4\" role=\"button\" aria-controls=\"elementor-tab-content-1774\" aria-expanded=\"false\">\n\t\t\t\t\t\t\t\t\t\t\t\t<span class=\"elementor-toggle-icon elementor-toggle-icon-left\" aria-hidden=\"true\">\n\t\t\t\t\t\t\t\t\t\t\t\t\t\t\t<span class=\"elementor-toggle-icon-closed\"><i class=\"fas fa-angle-double-down\"><\/i><\/span>\n\t\t\t\t\t\t\t\t<span class=\"elementor-toggle-icon-opened\"><i class=\"elementor-toggle-icon-opened fas fa-chevron-down\"><\/i><\/span>\n\t\t\t\t\t\t\t\t\t\t\t\t\t<\/span>\n\t\t\t\t\t\t\t\t\t\t\t\t<a class=\"elementor-toggle-title\" tabindex=\"0\">Properties<\/a>\n\t\t\t\t\t<\/div>\n\n\t\t\t\t\t<div id=\"elementor-tab-content-1774\" class=\"elementor-tab-content elementor-clearfix\" data-tab=\"4\" role=\"region\" aria-labelledby=\"elementor-tab-title-1774\"><ul><li>Az \u00fcgyf\u00e9lspecifikus k\u00f6vetelm\u00e9nyek (nagyobb terhelhet\u0151s\u00e9g, nagyobb sug\u00e1r, nagyobb l\u00f6ket) a param\u00e9terek k\u00fcl\u00f6n tesztel\u00e9se ut\u00e1n val\u00f3s\u00edthat\u00f3k meg<\/li><li>Nincsenek szabadon \u00e1ll\u00f3 vagy l\u00e1that\u00f3 t\u00f6ml\u0151k \u00e9s egy\u00e9b egyedi alkatr\u00e9szek<\/li><li>K\u00f6nny\u0171 anyagok (alum\u00ednium, m\u0171anyag)<\/li><li>Nagy munkater\u00fcletet k\u00e9pes lefedni a kett\u0151s csukl\u00f3s karnak k\u00f6sz\u00f6nhet\u0151en<\/li><li>Rendk\u00edv\u00fcl pontos pozicion\u00e1l\u00e1s gyorsan lehets\u00e9ges<\/li><\/ul><\/div>\n\t\t\t\t<\/div>\n\t\t\t\t\t\t\t<div class=\"elementor-toggle-item\">\n\t\t\t\t\t<div id=\"elementor-tab-title-1775\" class=\"elementor-tab-title\" data-tab=\"5\" role=\"button\" aria-controls=\"elementor-tab-content-1775\" aria-expanded=\"false\">\n\t\t\t\t\t\t\t\t\t\t\t\t<span class=\"elementor-toggle-icon elementor-toggle-icon-left\" aria-hidden=\"true\">\n\t\t\t\t\t\t\t\t\t\t\t\t\t\t\t<span class=\"elementor-toggle-icon-closed\"><i class=\"fas fa-angle-double-down\"><\/i><\/span>\n\t\t\t\t\t\t\t\t<span class=\"elementor-toggle-icon-opened\"><i class=\"elementor-toggle-icon-opened fas fa-chevron-down\"><\/i><\/span>\n\t\t\t\t\t\t\t\t\t\t\t\t\t<\/span>\n\t\t\t\t\t\t\t\t\t\t\t\t<a class=\"elementor-toggle-title\" tabindex=\"0\">Applications<\/a>\n\t\t\t\t\t<\/div>\n\n\t\t\t\t\t<div id=\"elementor-tab-content-1775\" class=\"elementor-tab-content elementor-clearfix\" data-tab=\"5\" role=\"region\" aria-labelledby=\"elementor-tab-title-1775\"><ul><li>A g\u00e9mmel ell\u00e1tott MANCOR k\u00f6t\u00e9l-kiegyens\u00falyoz\u00f3 a MANTIS \u00e9s a CORDIS kever\u00e9ke, \u00e9s mindk\u00e9t term\u00e9k el\u0151nyeit k\u00edn\u00e1lja.<\/li><li>A k\u00e9sz\u00fcl\u00e9k a mennyezetre vagy egy \u00e1ll\u00f3 oszlopra szerelhet\u0151.<\/li><li>Alacsony helyviszonyok nem jelentenek probl\u00e9m\u00e1t.<\/li><\/ul><p><strong>V\u00e1kuumos megfog\u00f3k &amp; Co.<\/strong><\/p><p>A MANCOR csukl\u00f3s k\u00f6t\u00e9l-kiegyens\u00falyoz\u00f3 sokf\u00e9le megfog\u00f3 megold\u00e1ssal kombin\u00e1lhat\u00f3. P\u00e9ld\u00e1ul v\u00e1kuumos megfog\u00f3k, mechanikus megfog\u00f3k \u00e9s m\u00e9g sok m\u00e1s.<\/p><\/div>\n\t\t\t\t<\/div>\n\t\t\t\t\t\t\t\t<\/div>\n\t\t\t\t\t\t<\/div>\n\t\t\t\t<\/div>\n\t\t\t\t\t<\/div>\n\t\t<\/div>\n\t\t\t\t\t<\/div>\n\t\t<\/section>\n\t\t\t\t<\/div>","protected":false},"excerpt":{"rendered":"<p>Csukl\u00f3karos k\u00f6teles balanszer MANCOR M\u0171szaki adatok Kombin\u00e1lja az ak\u00e1r 60 kg teherb\u00edr\u00e1s\u00fa k\u00f6t\u00e9l-kiegyens\u00falyoz\u00f3t \u00e9s a csukl\u00f3s g\u00e9met A m\u0171k\u00f6d\u00e9si sug\u00e1r legfeljebb 2,8 m lehet K\u00fcl\u00f6n\u00f6sen alkalmas sz\u0171k, alacsony helyig\u00e9ny\u0171 k\u00f6r\u00fclm\u00e9nyek k\u00f6z\u00f6tt Funkci\u00f3k Kiz\u00e1r\u00f3lag pneumatikus Maxim\u00e1lis \u00fczemi nyom\u00e1s: 5 bar H\u00e1rom s\u0171r\u00edtett leveg\u0151 k\u00f6r: egy vez\u00e9rl\u0151k\u00f6r, egy munkak\u00f6r, egy f\u00e9kk\u00f6r A felhaszn\u00e1l\u00f3specifikus nyom\u00e1shoz \u00e1ll\u00edthat\u00f3 nyom\u00e1scs\u00f6kkent\u0151 szelep &#8230; <a title=\"mancor\" class=\"read-more\" href=\"https:\/\/www.craneandhandling.com\/en\/mancor\/\" aria-label=\"Read more about mancor\">Read more<\/a><\/p>","protected":false},"author":1,"featured_media":0,"parent":0,"menu_order":0,"comment_status":"closed","ping_status":"closed","template":"elementor_header_footer","meta":{"_seopress_robots_primary_cat":"","_seopress_titles_title":"Crane & Handling | Electric Balancers, Manipulators & Light Crane Systems \u2013 Central Europe","_seopress_titles_desc":"","_seopress_robots_index":"","iawp_total_views":63,"footnotes":""},"class_list":["post-726","page","type-page","status-publish"],"_links":{"self":[{"href":"https:\/\/www.craneandhandling.com\/en\/wp-json\/wp\/v2\/pages\/726","targetHints":{"allow":["GET"]}}],"collection":[{"href":"https:\/\/www.craneandhandling.com\/en\/wp-json\/wp\/v2\/pages"}],"about":[{"href":"https:\/\/www.craneandhandling.com\/en\/wp-json\/wp\/v2\/types\/page"}],"author":[{"embeddable":true,"href":"https:\/\/www.craneandhandling.com\/en\/wp-json\/wp\/v2\/users\/1"}],"replies":[{"embeddable":true,"href":"https:\/\/www.craneandhandling.com\/en\/wp-json\/wp\/v2\/comments?post=726"}],"version-history":[{"count":25,"href":"https:\/\/www.craneandhandling.com\/en\/wp-json\/wp\/v2\/pages\/726\/revisions"}],"predecessor-version":[{"id":1231,"href":"https:\/\/www.craneandhandling.com\/en\/wp-json\/wp\/v2\/pages\/726\/revisions\/1231"}],"wp:attachment":[{"href":"https:\/\/www.craneandhandling.com\/en\/wp-json\/wp\/v2\/media?parent=726"}],"curies":[{"name":"wp","href":"https:\/\/api.w.org\/{rel}","templated":true}]}}