{"id":71,"date":"2023-08-28T09:23:34","date_gmt":"2023-08-28T09:23:34","guid":{"rendered":"https:\/\/craneandhandling.com\/?page_id=71"},"modified":"2024-05-14T18:52:18","modified_gmt":"2024-05-14T18:52:18","slug":"start","status":"publish","type":"page","link":"https:\/\/www.craneandhandling.com\/en\/","title":{"rendered":"Home"},"content":{"rendered":"<div data-elementor-type=\"wp-page\" data-elementor-id=\"71\" class=\"elementor elementor-71\" data-elementor-post-type=\"page\">\n\t\t\t\t\t\t<section class=\"elementor-section elementor-top-section elementor-element elementor-element-6cf2381 elementor-section-full_width elementor-section-height-min-height elementor-section-height-default elementor-section-items-middle\" data-id=\"6cf2381\" data-element_type=\"section\" data-e-type=\"section\">\n\t\t\t\t\t\t<div class=\"elementor-container elementor-column-gap-default\">\n\t\t\t\t\t<div class=\"elementor-column elementor-col-100 elementor-top-column elementor-element elementor-element-2a5e36a\" data-id=\"2a5e36a\" data-element_type=\"column\" data-e-type=\"column\">\n\t\t\t<div class=\"elementor-widget-wrap elementor-element-populated\">\n\t\t\t\t\t\t<div class=\"elementor-element elementor-element-bb865ae elementor--v-position-top elementor--h-position-center elementor-arrows-position-inside elementor-pagination-position-inside elementor-widget elementor-widget-slides\" data-id=\"bb865ae\" data-element_type=\"widget\" data-e-type=\"widget\" data-settings=\"{&quot;navigation&quot;:&quot;both&quot;,&quot;autoplay&quot;:&quot;yes&quot;,&quot;pause_on_hover&quot;:&quot;yes&quot;,&quot;pause_on_interaction&quot;:&quot;yes&quot;,&quot;autoplay_speed&quot;:5000,&quot;infinite&quot;:&quot;yes&quot;,&quot;transition&quot;:&quot;slide&quot;,&quot;transition_speed&quot;:500}\" data-widget_type=\"slides.default\">\n\t\t\t\t<div class=\"elementor-widget-container\">\n\t\t\t\t\t\t\t\t\t<div class=\"elementor-swiper\">\n\t\t\t\t\t<div class=\"elementor-slides-wrapper elementor-main-swiper swiper\" role=\"region\" aria-roledescription=\"carousel\" aria-label=\"Di\u00e1k\" dir=\"ltr\" data-animation=\"fadeInUp\">\n\t\t\t\t<div class=\"swiper-wrapper elementor-slides\">\n\t\t\t\t\t\t\t\t\t\t<div class=\"elementor-repeater-item-3f60180 swiper-slide\" role=\"group\" aria-roledescription=\"slide\"><div class=\"swiper-slide-bg\" role=\"img\" aria-label=\"LIFTKON balancer 3\"><\/div><a class=\"swiper-slide-inner\" href=\"https:\/\/www.craneandhandling.com\/en\/wizard-c\/\"><div class=\"swiper-slide-contents\"><div class=\"elementor-slide-heading\">Electrical rope balancer<\/div><div class=\"elementor-slide-description translation-block\">300 kg load capacity\n<br>column mounted articulating arm design <br>\nmax. speed 650 mm\/s<\/div><div  class=\"elementor-button elementor-slide-button elementor-size-sm\">Details...<\/div><\/div><\/a><\/div><div class=\"elementor-repeater-item-9703cd1 swiper-slide\" role=\"group\" aria-roledescription=\"slide\"><div class=\"swiper-slide-bg elementor-ken-burns elementor-ken-burns--in\" role=\"img\" aria-label=\"vertis\"><\/div><div class=\"swiper-slide-inner\" ><div class=\"swiper-slide-contents\"><div class=\"elementor-slide-heading\">Lifting axis, manipulators<\/div><div class=\"elementor-slide-description\">in 2- and 3- segment versions,\ncombined with pneumatic and\/or electric drive.<\/div><div  class=\"elementor-button elementor-slide-button elementor-size-sm\">Details...<\/div><\/div><\/div><\/div><div class=\"elementor-repeater-item-2208332 swiper-slide\" role=\"group\" aria-roledescription=\"slide\"><div class=\"swiper-slide-bg elementor-ken-burns elementor-ken-burns--in\" role=\"img\" aria-label=\"LIFTKON WIZARD RAIL BALANCER\"><\/div><a class=\"swiper-slide-inner\" href=\"https:\/\/www.craneandhandling.com\/en\/wizard-r\/\"><div class=\"swiper-slide-contents\"><div class=\"elementor-slide-heading translation-block\">Rail system<br> rope balancer<\/div><div class=\"elementor-slide-description translation-block\">From 75 kg to 900 kg load capacity <br> with a maximum speed of 650 mm\/s<\/div><div  class=\"elementor-button elementor-slide-button elementor-size-sm\">Details...<\/div><\/div><\/a><\/div><div class=\"elementor-repeater-item-95e8e05 swiper-slide\" role=\"group\" aria-roledescription=\"slide\"><div class=\"swiper-slide-bg elementor-ken-burns elementor-ken-burns--in\" role=\"img\" aria-label=\"megfogo\"><\/div><a class=\"swiper-slide-inner\" href=\"https:\/\/www.craneandhandling.com\/en\/chgriff\/\"><div class=\"swiper-slide-contents\"><div class=\"elementor-slide-heading translation-block\">Special grippers, <br>manipulators<\/div><div class=\"elementor-slide-description translation-block\">In accordance with customer needs, <br> we tailor the grippers to the product geometry. <br> Simple rigid suspensions, <br> vacuum grippers for lifting.<\/div><div  class=\"elementor-button elementor-slide-button elementor-size-sm\">Details...<\/div><\/div><\/a><\/div><div class=\"elementor-repeater-item-9ee3816 swiper-slide\" role=\"group\" aria-roledescription=\"slide\"><div class=\"swiper-slide-bg\" role=\"img\" aria-label=\"Egyf\u0151tart\u00f3s f\u00fcgg\u0151daru\"><\/div><a class=\"swiper-slide-inner\" href=\"https:\/\/www.craneandhandling.com\/en\/lightcranesystems\/\"><div class=\"swiper-slide-contents\"><div class=\"elementor-slide-heading translation-block\">Aluminium light crane systems <br> and monorails<\/div><div class=\"elementor-slide-description translation-block\">We design and install crane systems up to a load capacity of 2000 kg, equipped with simple chain hoists, <br> or with a counterweight, balance, complete support steel structure, <br> documented and certified according to local standards.<\/div><div  class=\"elementor-button elementor-slide-button elementor-size-sm\">Details...<\/div><\/div><\/a><\/div>\t\t\t\t<\/div>\n\t\t\t\t\t\t\t\t\t\t\t\t\t\t\t<div class=\"elementor-swiper-button elementor-swiper-button-prev\" role=\"button\" tabindex=\"0\" aria-label=\"Previous slide\">\n\t\t\t\t\t\t\t<i aria-hidden=\"true\" class=\"eicon-chevron-left\"><\/i>\t\t\t\t\t\t<\/div>\n\t\t\t\t\t\t<div class=\"elementor-swiper-button elementor-swiper-button-next\" role=\"button\" tabindex=\"0\" aria-label=\"Next slide\">\n\t\t\t\t\t\t\t<i aria-hidden=\"true\" class=\"eicon-chevron-right\"><\/i>\t\t\t\t\t\t<\/div>\n\t\t\t\t\t\t\t\t\t\t\t\t\t\t\t\t<div class=\"swiper-pagination\"><\/div>\n\t\t\t\t\t\t\t\t\t\t\t\t<\/div>\n\t\t\t\t<\/div>\n\t\t\t\t\t\t\t\t<\/div>\n\t\t\t\t<\/div>\n\t\t\t\t\t<\/div>\n\t\t<\/div>\n\t\t\t\t\t<\/div>\n\t\t<\/section>\n\t\t\t\t<section class=\"elementor-section elementor-top-section elementor-element elementor-element-82dc23d elementor-section-boxed elementor-section-height-default elementor-section-height-default\" data-id=\"82dc23d\" data-element_type=\"section\" data-e-type=\"section\" data-settings=\"{&quot;background_background&quot;:&quot;classic&quot;}\">\n\t\t\t\t\t\t<div class=\"elementor-container elementor-column-gap-default\">\n\t\t\t\t\t<div class=\"elementor-column elementor-col-100 elementor-top-column elementor-element elementor-element-0b6c57e\" data-id=\"0b6c57e\" data-element_type=\"column\" data-e-type=\"column\">\n\t\t\t<div class=\"elementor-widget-wrap elementor-element-populated\">\n\t\t\t\t\t\t<div class=\"elementor-element elementor-element-9e89a94 elementor-widget elementor-widget-heading\" data-id=\"9e89a94\" data-element_type=\"widget\" data-e-type=\"widget\" data-widget_type=\"heading.default\">\n\t\t\t\t<div class=\"elementor-widget-container\">\n\t\t\t\t\t<h2 class=\"elementor-heading-title elementor-size-default\">Applications:<\/h2>\t\t\t\t<\/div>\n\t\t\t\t<\/div>\n\t\t\t\t<div class=\"elementor-element elementor-element-d365056 elementor-widget elementor-widget-gallery\" data-id=\"d365056\" data-element_type=\"widget\" data-e-type=\"widget\" data-settings=\"{&quot;columns&quot;:3,&quot;gap&quot;:{&quot;unit&quot;:&quot;px&quot;,&quot;size&quot;:21,&quot;sizes&quot;:[]},&quot;aspect_ratio&quot;:&quot;1:1&quot;,&quot;image_hover_animation&quot;:&quot;shrink-contained&quot;,&quot;gallery_layout&quot;:&quot;grid&quot;,&quot;columns_tablet&quot;:2,&quot;columns_mobile&quot;:1,&quot;gap_tablet&quot;:{&quot;unit&quot;:&quot;px&quot;,&quot;size&quot;:10,&quot;sizes&quot;:[]},&quot;gap_mobile&quot;:{&quot;unit&quot;:&quot;px&quot;,&quot;size&quot;:10,&quot;sizes&quot;:[]},&quot;link_to&quot;:&quot;file&quot;,&quot;overlay_background&quot;:&quot;yes&quot;,&quot;content_hover_animation&quot;:&quot;fade-in&quot;}\" data-widget_type=\"gallery.default\">\n\t\t\t\t<div class=\"elementor-widget-container\">\n\t\t\t\t\t\t\t<div class=\"elementor-gallery__container\">\n\t\t\t\t\t\t\t<a class=\"e-gallery-item elementor-gallery-item elementor-animated-content\" href=\"https:\/\/www.craneandhandling.com\/wp-content\/uploads\/2023\/08\/LIFTKON-balancer-greifer-kasten.jpg\" data-elementor-open-lightbox=\"yes\" data-elementor-lightbox-slideshow=\"d365056\" data-e-action-hash=\"#elementor-action%3Aaction%3Dlightbox%26settings%3DeyJpZCI6MzA0LCJ1cmwiOiJodHRwczpcL1wvd3d3LmNyYW5lYW5kaGFuZGxpbmcuY29tXC93cC1jb250ZW50XC91cGxvYWRzXC8yMDIzXC8wOFwvTElGVEtPTi1iYWxhbmNlci1ncmVpZmVyLWthc3Rlbi5qcGciLCJzbGlkZXNob3ciOiJkMzY1MDU2In0%3D\">\n\t\t\t\t\t<div class=\"e-gallery-image elementor-gallery-item__image\" data-thumbnail=\"https:\/\/www.craneandhandling.com\/wp-content\/uploads\/2023\/08\/LIFTKON-balancer-greifer-kasten.jpg\" data-width=\"\" data-height=\"\" aria-label=\"\" role=\"img\" ><\/div>\n\t\t\t\t\t\t\t\t\t\t\t<div class=\"elementor-gallery-item__overlay\"><\/div>\n\t\t\t\t\t\t\t\t\t\t\t\t\t\t<\/a>\n\t\t\t\t\t\t\t<a class=\"e-gallery-item elementor-gallery-item elementor-animated-content\" href=\"https:\/\/www.craneandhandling.com\/wp-content\/uploads\/2023\/08\/LIFTKON-balancer-greifer-pneu-box.jpg\" data-elementor-open-lightbox=\"yes\" data-elementor-lightbox-slideshow=\"d365056\" data-e-action-hash=\"#elementor-action%3Aaction%3Dlightbox%26settings%3DeyJpZCI6MzA2LCJ1cmwiOiJodHRwczpcL1wvd3d3LmNyYW5lYW5kaGFuZGxpbmcuY29tXC93cC1jb250ZW50XC91cGxvYWRzXC8yMDIzXC8wOFwvTElGVEtPTi1iYWxhbmNlci1ncmVpZmVyLXBuZXUtYm94LmpwZyIsInNsaWRlc2hvdyI6ImQzNjUwNTYifQ%3D%3D\">\n\t\t\t\t\t<div class=\"e-gallery-image elementor-gallery-item__image\" data-thumbnail=\"https:\/\/www.craneandhandling.com\/wp-content\/uploads\/2023\/08\/LIFTKON-balancer-greifer-pneu-box.jpg\" data-width=\"\" data-height=\"\" aria-label=\"\" role=\"img\" ><\/div>\n\t\t\t\t\t\t\t\t\t\t\t<div class=\"elementor-gallery-item__overlay\"><\/div>\n\t\t\t\t\t\t\t\t\t\t\t\t\t\t<\/a>\n\t\t\t\t\t\t\t<a class=\"e-gallery-item elementor-gallery-item elementor-animated-content\" href=\"https:\/\/www.craneandhandling.com\/wp-content\/uploads\/2023\/08\/LIFTKON-balancer-greifer-mechanisch.jpg\" data-elementor-open-lightbox=\"yes\" data-elementor-lightbox-slideshow=\"d365056\" data-e-action-hash=\"#elementor-action%3Aaction%3Dlightbox%26settings%3DeyJpZCI6MzA1LCJ1cmwiOiJodHRwczpcL1wvd3d3LmNyYW5lYW5kaGFuZGxpbmcuY29tXC93cC1jb250ZW50XC91cGxvYWRzXC8yMDIzXC8wOFwvTElGVEtPTi1iYWxhbmNlci1ncmVpZmVyLW1lY2hhbmlzY2guanBnIiwic2xpZGVzaG93IjoiZDM2NTA1NiJ9\">\n\t\t\t\t\t<div class=\"e-gallery-image elementor-gallery-item__image\" data-thumbnail=\"https:\/\/www.craneandhandling.com\/wp-content\/uploads\/2023\/08\/LIFTKON-balancer-greifer-mechanisch.jpg\" data-width=\"\" data-height=\"\" aria-label=\"\" role=\"img\" ><\/div>\n\t\t\t\t\t\t\t\t\t\t\t<div class=\"elementor-gallery-item__overlay\"><\/div>\n\t\t\t\t\t\t\t\t\t\t\t\t\t\t<\/a>\n\t\t\t\t\t\t\t<a class=\"e-gallery-item elementor-gallery-item elementor-animated-content\" href=\"https:\/\/www.craneandhandling.com\/wp-content\/uploads\/2023\/08\/LIFTKON-Manipulator_lifting-axis.jpg\" data-elementor-open-lightbox=\"yes\" data-elementor-lightbox-slideshow=\"d365056\" data-e-action-hash=\"#elementor-action%3Aaction%3Dlightbox%26settings%3DeyJpZCI6MzE1LCJ1cmwiOiJodHRwczpcL1wvd3d3LmNyYW5lYW5kaGFuZGxpbmcuY29tXC93cC1jb250ZW50XC91cGxvYWRzXC8yMDIzXC8wOFwvTElGVEtPTi1NYW5pcHVsYXRvcl9saWZ0aW5nLWF4aXMuanBnIiwic2xpZGVzaG93IjoiZDM2NTA1NiJ9\">\n\t\t\t\t\t<div class=\"e-gallery-image elementor-gallery-item__image\" data-thumbnail=\"https:\/\/www.craneandhandling.com\/wp-content\/uploads\/2023\/08\/LIFTKON-Manipulator_lifting-axis.jpg\" data-width=\"\" data-height=\"\" aria-label=\"\" role=\"img\" ><\/div>\n\t\t\t\t\t\t\t\t\t\t\t<div class=\"elementor-gallery-item__overlay\"><\/div>\n\t\t\t\t\t\t\t\t\t\t\t\t\t\t<\/a>\n\t\t\t\t\t\t\t<a class=\"e-gallery-item elementor-gallery-item elementor-animated-content\" href=\"https:\/\/www.craneandhandling.com\/wp-content\/uploads\/2023\/09\/eepos-move-L-Foto-2-1.png\" data-elementor-open-lightbox=\"yes\" data-elementor-lightbox-slideshow=\"d365056\" data-e-action-hash=\"#elementor-action%3Aaction%3Dlightbox%26settings%3DeyJpZCI6NTMyLCJ1cmwiOiJodHRwczpcL1wvd3d3LmNyYW5lYW5kaGFuZGxpbmcuY29tXC93cC1jb250ZW50XC91cGxvYWRzXC8yMDIzXC8wOVwvZWVwb3MtbW92ZS1MLUZvdG8tMi0xLnBuZyIsInNsaWRlc2hvdyI6ImQzNjUwNTYifQ%3D%3D\">\n\t\t\t\t\t<div class=\"e-gallery-image elementor-gallery-item__image\" data-thumbnail=\"https:\/\/www.craneandhandling.com\/wp-content\/uploads\/2023\/09\/eepos-move-L-Foto-2-1.png\" data-width=\"\" data-height=\"\" aria-label=\"\" role=\"img\" ><\/div>\n\t\t\t\t\t\t\t\t\t\t\t<div class=\"elementor-gallery-item__overlay\"><\/div>\n\t\t\t\t\t\t\t\t\t\t\t\t\t\t<\/a>\n\t\t\t\t\t\t\t<a class=\"e-gallery-item elementor-gallery-item elementor-animated-content\" href=\"https:\/\/www.craneandhandling.com\/wp-content\/uploads\/2023\/09\/eepos-one-ZTK-Foto-8.png\" data-elementor-open-lightbox=\"yes\" data-elementor-lightbox-slideshow=\"d365056\" data-e-action-hash=\"#elementor-action%3Aaction%3Dlightbox%26settings%3DeyJpZCI6NTM1LCJ1cmwiOiJodHRwczpcL1wvd3d3LmNyYW5lYW5kaGFuZGxpbmcuY29tXC93cC1jb250ZW50XC91cGxvYWRzXC8yMDIzXC8wOVwvZWVwb3Mtb25lLVpUSy1Gb3RvLTgucG5nIiwic2xpZGVzaG93IjoiZDM2NTA1NiJ9\">\n\t\t\t\t\t<div class=\"e-gallery-image elementor-gallery-item__image\" data-thumbnail=\"https:\/\/www.craneandhandling.com\/wp-content\/uploads\/2023\/09\/eepos-one-ZTK-Foto-8.png\" data-width=\"\" data-height=\"\" aria-label=\"\" role=\"img\" ><\/div>\n\t\t\t\t\t\t\t\t\t\t\t<div class=\"elementor-gallery-item__overlay\"><\/div>\n\t\t\t\t\t\t\t\t\t\t\t\t\t\t<\/a>\n\t\t\t\t\t<\/div>\n\t\t\t\t\t<\/div>\n\t\t\t\t<\/div>\n\t\t\t\t\t<\/div>\n\t\t<\/div>\n\t\t\t\t\t<\/div>\n\t\t<\/section>\n\t\t\t\t<section class=\"elementor-section elementor-top-section elementor-element elementor-element-594873a elementor-section-boxed elementor-section-height-default elementor-section-height-default\" data-id=\"594873a\" data-element_type=\"section\" data-e-type=\"section\" data-settings=\"{&quot;background_background&quot;:&quot;classic&quot;}\">\n\t\t\t\t\t\t<div class=\"elementor-container elementor-column-gap-default\">\n\t\t\t\t\t<div class=\"elementor-column elementor-col-100 elementor-top-column elementor-element elementor-element-69c1598\" data-id=\"69c1598\" data-element_type=\"column\" data-e-type=\"column\">\n\t\t\t<div class=\"elementor-widget-wrap elementor-element-populated\">\n\t\t\t\t\t\t<div class=\"elementor-element elementor-element-335ff77 elementor-absolute elementor-widget elementor-widget-text-editor\" data-id=\"335ff77\" data-element_type=\"widget\" data-e-type=\"widget\" data-settings=\"{&quot;_position&quot;:&quot;absolute&quot;}\" data-widget_type=\"text-editor.default\">\n\t\t\t\t<div class=\"elementor-widget-container\">\n\t\t\t\t\t\t\t\t\t<p><span style=\"text-decoration: underline;\">Our partners:\u00a0<\/span><\/p>\t\t\t\t\t\t\t\t<\/div>\n\t\t\t\t<\/div>\n\t\t\t\t<section class=\"elementor-section elementor-inner-section elementor-element elementor-element-cf236c3 elementor-section-boxed elementor-section-height-default elementor-section-height-default\" data-id=\"cf236c3\" data-element_type=\"section\" data-e-type=\"section\">\n\t\t\t\t\t\t<div class=\"elementor-container elementor-column-gap-default\">\n\t\t\t\t\t<div class=\"elementor-column elementor-col-33 elementor-inner-column elementor-element elementor-element-6470cf8\" data-id=\"6470cf8\" data-element_type=\"column\" data-e-type=\"column\">\n\t\t\t<div class=\"elementor-widget-wrap elementor-element-populated\">\n\t\t\t\t\t\t<section class=\"elementor-section elementor-inner-section elementor-element elementor-element-b239880 elementor-section-boxed elementor-section-height-default elementor-section-height-default\" data-id=\"b239880\" data-element_type=\"section\" data-e-type=\"section\">\n\t\t\t\t\t\t<div class=\"elementor-container elementor-column-gap-default\">\n\t\t\t\t\t<div class=\"elementor-column elementor-col-50 elementor-inner-column elementor-element elementor-element-89b911b\" data-id=\"89b911b\" data-element_type=\"column\" data-e-type=\"column\">\n\t\t\t<div class=\"elementor-widget-wrap elementor-element-populated\">\n\t\t\t\t\t\t<div class=\"elementor-element elementor-element-e5c22c4 elementor-widget__width-initial elementor-widget elementor-widget-image\" data-id=\"e5c22c4\" data-element_type=\"widget\" data-e-type=\"widget\" data-widget_type=\"image.default\">\n\t\t\t\t<div class=\"elementor-widget-container\">\n\t\t\t\t\t\t\t\t\t\t\t\t\t\t\t\t<a href=\"https:\/\/www.sachs-products.de\">\n\t\t\t\t\t\t\t<img decoding=\"async\" width=\"239\" height=\"102\" src=\"https:\/\/www.craneandhandling.com\/wp-content\/uploads\/2024\/01\/sachs-logo.png\" class=\"attachment-full size-full wp-image-813\" alt=\"\" srcset=\"https:\/\/www.craneandhandling.com\/wp-content\/uploads\/2024\/01\/sachs-logo.png 239w, https:\/\/www.craneandhandling.com\/wp-content\/uploads\/2024\/01\/sachs-logo-18x8.png 18w\" sizes=\"(max-width: 239px) 100vw, 239px\" \/>\t\t\t\t\t\t\t\t<\/a>\n\t\t\t\t\t\t\t\t\t\t\t\t\t\t\t<\/div>\n\t\t\t\t<\/div>\n\t\t\t\t\t<\/div>\n\t\t<\/div>\n\t\t\t\t<div class=\"elementor-column elementor-col-50 elementor-inner-column elementor-element elementor-element-ba45687\" data-id=\"ba45687\" data-element_type=\"column\" data-e-type=\"column\">\n\t\t\t<div class=\"elementor-widget-wrap elementor-element-populated\">\n\t\t\t\t\t\t<div class=\"elementor-element elementor-element-c064079 elementor-widget elementor-widget-text-editor\" data-id=\"c064079\" data-element_type=\"widget\" data-e-type=\"widget\" data-widget_type=\"text-editor.default\">\n\t\t\t\t<div class=\"elementor-widget-container\">\n\t\t\t\t\t\t\t\t\t<p>sachs products GmbH.<\/p>\t\t\t\t\t\t\t\t<\/div>\n\t\t\t\t<\/div>\n\t\t\t\t\t<\/div>\n\t\t<\/div>\n\t\t\t\t\t<\/div>\n\t\t<\/section>\n\t\t\t\t\t<\/div>\n\t\t<\/div>\n\t\t\t\t<div class=\"elementor-column elementor-col-33 elementor-inner-column elementor-element elementor-element-4be3f3a\" data-id=\"4be3f3a\" data-element_type=\"column\" data-e-type=\"column\">\n\t\t\t<div class=\"elementor-widget-wrap elementor-element-populated\">\n\t\t\t\t\t\t<section class=\"elementor-section elementor-inner-section elementor-element elementor-element-9c6a2db elementor-section-boxed elementor-section-height-default elementor-section-height-default\" data-id=\"9c6a2db\" data-element_type=\"section\" data-e-type=\"section\">\n\t\t\t\t\t\t<div class=\"elementor-container elementor-column-gap-default\">\n\t\t\t\t\t<div class=\"elementor-column elementor-col-50 elementor-inner-column elementor-element elementor-element-28f5f24\" data-id=\"28f5f24\" data-element_type=\"column\" data-e-type=\"column\">\n\t\t\t<div class=\"elementor-widget-wrap elementor-element-populated\">\n\t\t\t\t\t\t<div class=\"elementor-element elementor-element-a701765 elementor-widget elementor-widget-image\" data-id=\"a701765\" data-element_type=\"widget\" data-e-type=\"widget\" data-widget_type=\"image.default\">\n\t\t\t\t<div class=\"elementor-widget-container\">\n\t\t\t\t\t\t\t\t\t\t\t\t\t\t\t\t<a href=\"https:\/\/www.liftkon.de\">\n\t\t\t\t\t\t\t<img fetchpriority=\"high\" decoding=\"async\" width=\"488\" height=\"113\" src=\"https:\/\/www.craneandhandling.com\/wp-content\/uploads\/2024\/01\/Logo-Liftkon.png\" class=\"attachment-full size-full wp-image-812\" alt=\"\" srcset=\"https:\/\/www.craneandhandling.com\/wp-content\/uploads\/2024\/01\/Logo-Liftkon.png 488w, https:\/\/www.craneandhandling.com\/wp-content\/uploads\/2024\/01\/Logo-Liftkon-300x69.png 300w, https:\/\/www.craneandhandling.com\/wp-content\/uploads\/2024\/01\/Logo-Liftkon-18x4.png 18w\" sizes=\"(max-width: 488px) 100vw, 488px\" \/>\t\t\t\t\t\t\t\t<\/a>\n\t\t\t\t\t\t\t\t\t\t\t\t\t\t\t<\/div>\n\t\t\t\t<\/div>\n\t\t\t\t\t<\/div>\n\t\t<\/div>\n\t\t\t\t<div class=\"elementor-column elementor-col-50 elementor-inner-column elementor-element elementor-element-e0cf974\" data-id=\"e0cf974\" data-element_type=\"column\" data-e-type=\"column\">\n\t\t\t<div class=\"elementor-widget-wrap elementor-element-populated\">\n\t\t\t\t\t\t<div class=\"elementor-element elementor-element-4ad92b8 elementor-widget elementor-widget-text-editor\" data-id=\"4ad92b8\" data-element_type=\"widget\" data-e-type=\"widget\" data-widget_type=\"text-editor.default\">\n\t\t\t\t<div class=\"elementor-widget-container\">\n\t\t\t\t\t\t\t\t\t<p>LiFTKON GmbH.<\/p>\t\t\t\t\t\t\t\t<\/div>\n\t\t\t\t<\/div>\n\t\t\t\t\t<\/div>\n\t\t<\/div>\n\t\t\t\t\t<\/div>\n\t\t<\/section>\n\t\t\t\t\t<\/div>\n\t\t<\/div>\n\t\t\t\t<div class=\"elementor-column elementor-col-33 elementor-inner-column elementor-element elementor-element-33342c5\" data-id=\"33342c5\" data-element_type=\"column\" data-e-type=\"column\">\n\t\t\t<div class=\"elementor-widget-wrap\">\n\t\t\t\t\t\t\t<\/div>\n\t\t<\/div>\n\t\t\t\t\t<\/div>\n\t\t<\/section>\n\t\t\t\t\t<\/div>\n\t\t<\/div>\n\t\t\t\t\t<\/div>\n\t\t<\/section>\n\t\t\t\t<\/div>","protected":false},"excerpt":{"rendered":"<p>Elektromos balanszerek300 kg teherb\u00edr\u00e1sig oszlopos, csukl\u00f3karos kivitelben max. sebess\u00e9g 650 mm\/s B\u0151vebbenEmel\u0151 tengelyek, manipul\u00e1torok2- \u00e9s 3-szegemenses kivitelben pneumatikus \u00e9s\/vagy elektromos hajt\u00e1ssal kombin\u00e1lvaB\u0151vebbenElektromos s\u00ednre szerelhet\u0151 balanszerek75 kg-t\u0151l 900 kg teherb\u00edr\u00e1sig max. 650 mm\/s sebess\u00e9ggelB\u0151vebbenEgyedi term\u00e9k megfog\u00f3, manipul\u00e1torA vev\u0151 ig\u00e9nyeinek megfelel\u0151en a term\u00e9k geometri\u00e1j\u00e1hoz alak\u00edtjuk ki a megfog\u00f3kat. Egyszer\u0171 merev f\u00fcggeszt\u00e9kek, v\u00e1kuumos megfog\u00f3k emel\u0151B\u0151vebbenAlum\u00ednium k\u00f6nny\u0171szerkezetes daru rendszerek &#8230; <a title=\"Home\" class=\"read-more\" href=\"https:\/\/www.craneandhandling.com\/en\/\" aria-label=\"Read more about Home\">Read more<\/a><\/p>","protected":false},"author":1,"featured_media":0,"parent":0,"menu_order":0,"comment_status":"closed","ping_status":"closed","template":"elementor_header_footer","meta":{"_seopress_robots_primary_cat":"","_seopress_titles_title":"Crane and Handling - LiFTKON Wizard elektromos balanszerek","_seopress_titles_desc":"LiFTKON elektromos balanszerek 300 kg teherb\u00edr\u00e1sig oszlopos csukl\u00f3karos kivitelben.\r\n600 kg teherb\u00edr\u00e1s is el\u00e9rhet\u0151 a s\u00ednp\u00e1ly\u00e1ra szerelhet\u0151 verzi\u00f3n\u00e1l","_seopress_robots_index":"","iawp_total_views":2831,"footnotes":""},"class_list":["post-71","page","type-page","status-publish"],"_links":{"self":[{"href":"https:\/\/www.craneandhandling.com\/en\/wp-json\/wp\/v2\/pages\/71","targetHints":{"allow":["GET"]}}],"collection":[{"href":"https:\/\/www.craneandhandling.com\/en\/wp-json\/wp\/v2\/pages"}],"about":[{"href":"https:\/\/www.craneandhandling.com\/en\/wp-json\/wp\/v2\/types\/page"}],"author":[{"embeddable":true,"href":"https:\/\/www.craneandhandling.com\/en\/wp-json\/wp\/v2\/users\/1"}],"replies":[{"embeddable":true,"href":"https:\/\/www.craneandhandling.com\/en\/wp-json\/wp\/v2\/comments?post=71"}],"version-history":[{"count":159,"href":"https:\/\/www.craneandhandling.com\/en\/wp-json\/wp\/v2\/pages\/71\/revisions"}],"predecessor-version":[{"id":1207,"href":"https:\/\/www.craneandhandling.com\/en\/wp-json\/wp\/v2\/pages\/71\/revisions\/1207"}],"wp:attachment":[{"href":"https:\/\/www.craneandhandling.com\/en\/wp-json\/wp\/v2\/media?parent=71"}],"curies":[{"name":"wp","href":"https:\/\/api.w.org\/{rel}","templated":true}]}}