{"id":560,"date":"2023-09-15T16:46:30","date_gmt":"2023-09-15T16:46:30","guid":{"rendered":"https:\/\/www.craneandhandling.com\/?page_id=560"},"modified":"2025-03-23T19:15:10","modified_gmt":"2025-03-23T19:15:10","slug":"chgriff","status":"publish","type":"page","link":"https:\/\/www.craneandhandling.com\/en\/chgriff\/","title":{"rendered":"Grippers"},"content":{"rendered":"<div data-elementor-type=\"wp-page\" data-elementor-id=\"560\" class=\"elementor elementor-560\" data-elementor-post-type=\"page\">\n\t\t\t\t\t\t<section class=\"elementor-section elementor-top-section elementor-element elementor-element-45c38b49 elementor-section-height-min-height elementor-section-content-top elementor-section-items-top elementor-section-boxed elementor-section-height-default\" data-id=\"45c38b49\" data-element_type=\"section\" data-e-type=\"section\" data-settings=\"{&quot;background_background&quot;:&quot;classic&quot;}\">\n\t\t\t\t\t\t<div class=\"elementor-container elementor-column-gap-default\">\n\t\t\t\t\t<div class=\"elementor-column elementor-col-100 elementor-top-column elementor-element elementor-element-5bffe920\" data-id=\"5bffe920\" data-element_type=\"column\" data-e-type=\"column\">\n\t\t\t<div class=\"elementor-widget-wrap elementor-element-populated\">\n\t\t\t\t\t\t<div class=\"elementor-element elementor-element-68072e39 elementor-widget__width-initial elementor-widget elementor-widget-heading\" data-id=\"68072e39\" data-element_type=\"widget\" data-e-type=\"widget\" data-widget_type=\"heading.default\">\n\t\t\t\t<div class=\"elementor-widget-container\">\n\t\t\t\t\t<h1 class=\"elementor-heading-title elementor-size-default translation-block\">Standard and special <br> grippers and manipulators<\/h1>\t\t\t\t<\/div>\n\t\t\t\t<\/div>\n\t\t\t\t<div class=\"elementor-element elementor-element-7fcdc1a4 elementor-align-center elementor-widget elementor-widget-button\" data-id=\"7fcdc1a4\" data-element_type=\"widget\" data-e-type=\"widget\" data-widget_type=\"button.default\">\n\t\t\t\t<div class=\"elementor-widget-container\">\n\t\t\t\t\t\t\t\t\t<div class=\"elementor-button-wrapper\">\n\t\t\t\t\t<a class=\"elementor-button elementor-button-link elementor-size-xs\" href=\"#\">\n\t\t\t\t\t\t<span class=\"elementor-button-content-wrapper\">\n\t\t\t\t\t\t\t\t\t<span class=\"elementor-button-text\">C+H GRIFF<\/span>\n\t\t\t\t\t<\/span>\n\t\t\t\t\t<\/a>\n\t\t\t\t<\/div>\n\t\t\t\t\t\t\t\t<\/div>\n\t\t\t\t<\/div>\n\t\t\t\t\t<\/div>\n\t\t<\/div>\n\t\t\t\t\t<\/div>\n\t\t<\/section>\n\t\t\t\t<section class=\"elementor-section elementor-top-section elementor-element elementor-element-74150371 elementor-section-boxed elementor-section-height-default elementor-section-height-default\" data-id=\"74150371\" data-element_type=\"section\" data-e-type=\"section\">\n\t\t\t\t\t\t<div class=\"elementor-container elementor-column-gap-default\">\n\t\t\t\t\t<div class=\"elementor-column elementor-col-100 elementor-top-column elementor-element elementor-element-4b356a01\" data-id=\"4b356a01\" data-element_type=\"column\" data-e-type=\"column\">\n\t\t\t<div class=\"elementor-widget-wrap elementor-element-populated\">\n\t\t\t\t\t\t<div class=\"elementor-element elementor-element-13e2982f elementor-widget elementor-widget-toggle\" data-id=\"13e2982f\" data-element_type=\"widget\" data-e-type=\"widget\" data-widget_type=\"toggle.default\">\n\t\t\t\t<div class=\"elementor-widget-container\">\n\t\t\t\t\t\t\t<div class=\"elementor-toggle\">\n\t\t\t\t\t\t\t<div class=\"elementor-toggle-item\">\n\t\t\t\t\t<div id=\"elementor-tab-title-3331\" class=\"elementor-tab-title\" data-tab=\"1\" role=\"button\" aria-controls=\"elementor-tab-content-3331\" aria-expanded=\"false\">\n\t\t\t\t\t\t\t\t\t\t\t\t<span class=\"elementor-toggle-icon elementor-toggle-icon-left\" aria-hidden=\"true\">\n\t\t\t\t\t\t\t\t\t\t\t\t\t\t\t<span class=\"elementor-toggle-icon-closed\"><i class=\"fas fa-angle-double-down\"><\/i><\/span>\n\t\t\t\t\t\t\t\t<span class=\"elementor-toggle-icon-opened\"><i class=\"elementor-toggle-icon-opened fas fa-chevron-down\"><\/i><\/span>\n\t\t\t\t\t\t\t\t\t\t\t\t\t<\/span>\n\t\t\t\t\t\t\t\t\t\t\t\t<a class=\"elementor-toggle-title\" tabindex=\"0\">Merev f\u00fcggeszt\u00e9kek<\/a>\n\t\t\t\t\t<\/div>\n\n\t\t\t\t\t<div id=\"elementor-tab-content-3331\" class=\"elementor-tab-content elementor-clearfix\" data-tab=\"1\" role=\"region\" aria-labelledby=\"elementor-tab-title-3331\"><p>Biztons\u00e1gos, er\u0151s \u00e9s sokoldal\u00fa. T\u00f6k\u00e9letes neh\u00e9z terhekhez, intuit\u00edv m\u00f3don haszn\u00e1lhat\u00f3, \u00e9s k\u00e9szen \u00e1ll a termel\u00e9kenys\u00e9g n\u00f6vel\u00e9s\u00e9re.<\/p><\/div>\n\t\t\t\t<\/div>\n\t\t\t\t\t\t\t<div class=\"elementor-toggle-item\">\n\t\t\t\t\t<div id=\"elementor-tab-title-3332\" class=\"elementor-tab-title\" data-tab=\"2\" role=\"button\" aria-controls=\"elementor-tab-content-3332\" aria-expanded=\"false\">\n\t\t\t\t\t\t\t\t\t\t\t\t<span class=\"elementor-toggle-icon elementor-toggle-icon-left\" aria-hidden=\"true\">\n\t\t\t\t\t\t\t\t\t\t\t\t\t\t\t<span class=\"elementor-toggle-icon-closed\"><i class=\"fas fa-angle-double-down\"><\/i><\/span>\n\t\t\t\t\t\t\t\t<span class=\"elementor-toggle-icon-opened\"><i class=\"elementor-toggle-icon-opened fas fa-chevron-down\"><\/i><\/span>\n\t\t\t\t\t\t\t\t\t\t\t\t\t<\/span>\n\t\t\t\t\t\t\t\t\t\t\t\t<a class=\"elementor-toggle-title\" tabindex=\"0\">Tekercsmozgat\u00f3 megfog\u00f3k<\/a>\n\t\t\t\t\t<\/div>\n\n\t\t\t\t\t<div id=\"elementor-tab-content-3332\" class=\"elementor-tab-content elementor-clearfix\" data-tab=\"2\" role=\"region\" aria-labelledby=\"elementor-tab-title-3332\"><p>T\u00f6k\u00e9letes megold\u00e1s bels\u0151 ny\u00edl\u00e1sokkal rendelkez\u0151 munkadarabokhoz. Sokoldal\u00fa \u00e9s nagy teljes\u00edtm\u00e9ny\u0171, a legig\u00e9nyesebb kezel\u00e9si feladatokhoz tervezve.<\/p><\/div>\n\t\t\t\t<\/div>\n\t\t\t\t\t\t\t<div class=\"elementor-toggle-item\">\n\t\t\t\t\t<div id=\"elementor-tab-title-3333\" class=\"elementor-tab-title\" data-tab=\"3\" role=\"button\" aria-controls=\"elementor-tab-content-3333\" aria-expanded=\"false\">\n\t\t\t\t\t\t\t\t\t\t\t\t<span class=\"elementor-toggle-icon elementor-toggle-icon-left\" aria-hidden=\"true\">\n\t\t\t\t\t\t\t\t\t\t\t\t\t\t\t<span class=\"elementor-toggle-icon-closed\"><i class=\"fas fa-angle-double-down\"><\/i><\/span>\n\t\t\t\t\t\t\t\t<span class=\"elementor-toggle-icon-opened\"><i class=\"elementor-toggle-icon-opened fas fa-chevron-down\"><\/i><\/span>\n\t\t\t\t\t\t\t\t\t\t\t\t\t<\/span>\n\t\t\t\t\t\t\t\t\t\t\t\t<a class=\"elementor-toggle-title\" tabindex=\"0\">M\u00e1gneses megfog\u00f3k<\/a>\n\t\t\t\t\t<\/div>\n\n\t\t\t\t\t<div id=\"elementor-tab-content-3333\" class=\"elementor-tab-content elementor-clearfix\" data-tab=\"3\" role=\"region\" aria-labelledby=\"elementor-tab-title-3333\"><p>Megb\u00edzhat\u00f3 munkadarab-kezel\u00e9s er\u0151s tart\u00f3er\u0151vel. Hat\u00e9kony, sokoldal\u00fa \u00e9s t\u00f6k\u00e9letes f\u00e9mmegmunk\u00e1l\u00e1si gy\u00e1rt\u00e1si folyamatokhoz.<\/p><\/div>\n\t\t\t\t<\/div>\n\t\t\t\t\t\t\t<div class=\"elementor-toggle-item\">\n\t\t\t\t\t<div id=\"elementor-tab-title-3334\" class=\"elementor-tab-title\" data-tab=\"4\" role=\"button\" aria-controls=\"elementor-tab-content-3334\" aria-expanded=\"false\">\n\t\t\t\t\t\t\t\t\t\t\t\t<span class=\"elementor-toggle-icon elementor-toggle-icon-left\" aria-hidden=\"true\">\n\t\t\t\t\t\t\t\t\t\t\t\t\t\t\t<span class=\"elementor-toggle-icon-closed\"><i class=\"fas fa-angle-double-down\"><\/i><\/span>\n\t\t\t\t\t\t\t\t<span class=\"elementor-toggle-icon-opened\"><i class=\"elementor-toggle-icon-opened fas fa-chevron-down\"><\/i><\/span>\n\t\t\t\t\t\t\t\t\t\t\t\t\t<\/span>\n\t\t\t\t\t\t\t\t\t\t\t\t<a class=\"elementor-toggle-title\" tabindex=\"0\">L\u00e1da megfog\u00f3k<\/a>\n\t\t\t\t\t<\/div>\n\n\t\t\t\t\t<div id=\"elementor-tab-content-3334\" class=\"elementor-tab-content elementor-clearfix\" data-tab=\"4\" role=\"region\" aria-labelledby=\"elementor-tab-title-3334\"><p>Legyen sz\u00f3 KLT l\u00e1d\u00e1r\u00f3l, Euro l\u00e1d\u00e1r\u00f3l vagy dobozokr\u00f3l \u2013 megfog\u00e1si megold\u00e1saink rendk\u00edv\u00fcl sokoldal\u00faak \u00e9s alkalmazkod\u00f3ak. Ide\u00e1lis \u00f6sszeszerel\u00e9shez, csomagol\u00e1shoz \u00e9s v\u00e1logat\u00e1shoz, minden elterjedt t\u00e1rol\u00f3m\u00e9rethez \u00e9s -form\u00e1hoz.<\/p>\n<p style=\"text-align: center;\"><img fetchpriority=\"high\" decoding=\"async\" class=\"alignnone size-medium wp-image-793\" src=\"https:\/\/www.craneandhandling.com\/wp-content\/uploads\/2024\/01\/Ladamegfogo2-300x270.png\" alt=\"\" width=\"300\" height=\"270\" srcset=\"https:\/\/www.craneandhandling.com\/wp-content\/uploads\/2024\/01\/Ladamegfogo2-300x270.png 300w, https:\/\/www.craneandhandling.com\/wp-content\/uploads\/2024\/01\/Ladamegfogo2-768x691.png 768w, https:\/\/www.craneandhandling.com\/wp-content\/uploads\/2024\/01\/Ladamegfogo2-13x12.png 13w, https:\/\/www.craneandhandling.com\/wp-content\/uploads\/2024\/01\/Ladamegfogo2.png 1000w\" sizes=\"(max-width: 300px) 100vw, 300px\" \/><img decoding=\"async\" class=\"alignnone size-medium wp-image-794\" src=\"https:\/\/www.craneandhandling.com\/wp-content\/uploads\/2024\/01\/Ladamegfogo1-300x177.png\" alt=\"\" width=\"300\" height=\"177\" srcset=\"https:\/\/www.craneandhandling.com\/wp-content\/uploads\/2024\/01\/Ladamegfogo1-300x177.png 300w, https:\/\/www.craneandhandling.com\/wp-content\/uploads\/2024\/01\/Ladamegfogo1-768x454.png 768w, https:\/\/www.craneandhandling.com\/wp-content\/uploads\/2024\/01\/Ladamegfogo1-18x12.png 18w, https:\/\/www.craneandhandling.com\/wp-content\/uploads\/2024\/01\/Ladamegfogo1.png 1000w\" sizes=\"(max-width: 300px) 100vw, 300px\" \/><\/p>\n<p style=\"text-align: center;\"><br><\/p><\/div>\n\t\t\t\t<\/div>\n\t\t\t\t\t\t\t<div class=\"elementor-toggle-item\">\n\t\t\t\t\t<div id=\"elementor-tab-title-3335\" class=\"elementor-tab-title\" data-tab=\"5\" role=\"button\" aria-controls=\"elementor-tab-content-3335\" aria-expanded=\"false\">\n\t\t\t\t\t\t\t\t\t\t\t\t<span class=\"elementor-toggle-icon elementor-toggle-icon-left\" aria-hidden=\"true\">\n\t\t\t\t\t\t\t\t\t\t\t\t\t\t\t<span class=\"elementor-toggle-icon-closed\"><i class=\"fas fa-angle-double-down\"><\/i><\/span>\n\t\t\t\t\t\t\t\t<span class=\"elementor-toggle-icon-opened\"><i class=\"elementor-toggle-icon-opened fas fa-chevron-down\"><\/i><\/span>\n\t\t\t\t\t\t\t\t\t\t\t\t\t<\/span>\n\t\t\t\t\t\t\t\t\t\t\t\t<a class=\"elementor-toggle-title\" tabindex=\"0\">Vakuumos megfog\u00f3k<\/a>\n\t\t\t\t\t<\/div>\n\n\t\t\t\t\t<div id=\"elementor-tab-content-3335\" class=\"elementor-tab-content elementor-clearfix\" data-tab=\"5\" role=\"region\" aria-labelledby=\"elementor-tab-title-3335\"><p>Maxim\u00e1lis sokoldal\u00fas\u00e1g, minim\u00e1lis er\u0151fesz\u00edt\u00e9s. Tapad\u00f3korongjaink t\u00f6k\u00e9letesek a munkadarabok sz\u00e9les k\u00f6r\u00e9hez, p\u00e9ld\u00e1ul kartonhoz, f\u00e9mlemezhez, \u00fcveghez vagy fa panelekhez.<\/p><p><img decoding=\"async\" class=\"size-medium wp-image-791 aligncenter\" src=\"https:\/\/www.craneandhandling.com\/wp-content\/uploads\/2024\/01\/csm_sachs-products-sauggreifer_6f2fc379aa-300x225.jpg\" alt=\"\" width=\"300\" height=\"225\" srcset=\"https:\/\/www.craneandhandling.com\/wp-content\/uploads\/2024\/01\/csm_sachs-products-sauggreifer_6f2fc379aa-300x225.jpg 300w, https:\/\/www.craneandhandling.com\/wp-content\/uploads\/2024\/01\/csm_sachs-products-sauggreifer_6f2fc379aa-1024x768.jpg 1024w, https:\/\/www.craneandhandling.com\/wp-content\/uploads\/2024\/01\/csm_sachs-products-sauggreifer_6f2fc379aa-768x576.jpg 768w, https:\/\/www.craneandhandling.com\/wp-content\/uploads\/2024\/01\/csm_sachs-products-sauggreifer_6f2fc379aa-16x12.jpg 16w, https:\/\/www.craneandhandling.com\/wp-content\/uploads\/2024\/01\/csm_sachs-products-sauggreifer_6f2fc379aa.jpg 1200w\" sizes=\"(max-width: 300px) 100vw, 300px\" \/> <img loading=\"lazy\" decoding=\"async\" class=\"size-medium wp-image-792 aligncenter\" src=\"https:\/\/www.craneandhandling.com\/wp-content\/uploads\/2024\/01\/csm_sachs-products-sauggreifer2_c6807faf72-200x300.jpg\" alt=\"\" width=\"200\" height=\"300\" srcset=\"https:\/\/www.craneandhandling.com\/wp-content\/uploads\/2024\/01\/csm_sachs-products-sauggreifer2_c6807faf72-200x300.jpg 200w, https:\/\/www.craneandhandling.com\/wp-content\/uploads\/2024\/01\/csm_sachs-products-sauggreifer2_c6807faf72-683x1024.jpg 683w, https:\/\/www.craneandhandling.com\/wp-content\/uploads\/2024\/01\/csm_sachs-products-sauggreifer2_c6807faf72-768x1151.jpg 768w, https:\/\/www.craneandhandling.com\/wp-content\/uploads\/2024\/01\/csm_sachs-products-sauggreifer2_c6807faf72-1025x1536.jpg 1025w, https:\/\/www.craneandhandling.com\/wp-content\/uploads\/2024\/01\/csm_sachs-products-sauggreifer2_c6807faf72-8x12.jpg 8w, https:\/\/www.craneandhandling.com\/wp-content\/uploads\/2024\/01\/csm_sachs-products-sauggreifer2_c6807faf72.jpg 1200w\" sizes=\"(max-width: 200px) 100vw, 200px\" \/><\/p><\/div>\n\t\t\t\t<\/div>\n\t\t\t\t\t\t\t<div class=\"elementor-toggle-item\">\n\t\t\t\t\t<div id=\"elementor-tab-title-3336\" class=\"elementor-tab-title\" data-tab=\"6\" role=\"button\" aria-controls=\"elementor-tab-content-3336\" aria-expanded=\"false\">\n\t\t\t\t\t\t\t\t\t\t\t\t<span class=\"elementor-toggle-icon elementor-toggle-icon-left\" aria-hidden=\"true\">\n\t\t\t\t\t\t\t\t\t\t\t\t\t\t\t<span class=\"elementor-toggle-icon-closed\"><i class=\"fas fa-angle-double-down\"><\/i><\/span>\n\t\t\t\t\t\t\t\t<span class=\"elementor-toggle-icon-opened\"><i class=\"elementor-toggle-icon-opened fas fa-chevron-down\"><\/i><\/span>\n\t\t\t\t\t\t\t\t\t\t\t\t\t<\/span>\n\t\t\t\t\t\t\t\t\t\t\t\t<a class=\"elementor-toggle-title\" tabindex=\"0\">Raklap megfog\u00f3<\/a>\n\t\t\t\t\t<\/div>\n\n\t\t\t\t\t<div id=\"elementor-tab-content-3336\" class=\"elementor-tab-content elementor-clearfix\" data-tab=\"6\" role=\"region\" aria-labelledby=\"elementor-tab-title-3336\"><p>Gyors, biztons\u00e1gos, hat\u00e9kony. Raklapmegfog\u00f3inkat kifejezetten a raklapok k\u00f6nny\u0171 \u00e9s biztons\u00e1gos kezel\u00e9s\u00e9re tervezt\u00fck. K\u00fcl\u00f6nb\u00f6z\u0151 kialak\u00edt\u00e1sukkal, kieg\u00e9sz\u00edt\u0151 opci\u00f3ikkal \u00e9s a k\u00fcl\u00f6nb\u00f6z\u0151 raklapm\u00e9retekhez val\u00f3 alkalmazkod\u00e1si lehet\u0151s\u00e9geikkel ide\u00e1lis v\u00e1laszt\u00e1st jelentenek t\u00e1rol\u00e1shoz, \u00f6sszeszerel\u00e9shez \u00e9s csomagol\u00e1shoz. Tegye rakt\u00e1roz\u00e1s\u00e1t hat\u00e9konyabb\u00e1 \u00e9s k\u00f6lts\u00e9ghat\u00e9konyabb\u00e1.<\/p><\/div>\n\t\t\t\t<\/div>\n\t\t\t\t\t\t\t<div class=\"elementor-toggle-item\">\n\t\t\t\t\t<div id=\"elementor-tab-title-3337\" class=\"elementor-tab-title\" data-tab=\"7\" role=\"button\" aria-controls=\"elementor-tab-content-3337\" aria-expanded=\"false\">\n\t\t\t\t\t\t\t\t\t\t\t\t<span class=\"elementor-toggle-icon elementor-toggle-icon-left\" aria-hidden=\"true\">\n\t\t\t\t\t\t\t\t\t\t\t\t\t\t\t<span class=\"elementor-toggle-icon-closed\"><i class=\"fas fa-angle-double-down\"><\/i><\/span>\n\t\t\t\t\t\t\t\t<span class=\"elementor-toggle-icon-opened\"><i class=\"elementor-toggle-icon-opened fas fa-chevron-down\"><\/i><\/span>\n\t\t\t\t\t\t\t\t\t\t\t\t\t<\/span>\n\t\t\t\t\t\t\t\t\t\t\t\t<a class=\"elementor-toggle-title\" tabindex=\"0\">Mos\u00f3kos\u00e1r megfog\u00f3<\/a>\n\t\t\t\t\t<\/div>\n\n\t\t\t\t\t<div id=\"elementor-tab-content-3337\" class=\"elementor-tab-content elementor-clearfix\" data-tab=\"7\" role=\"region\" aria-labelledby=\"elementor-tab-title-3337\"><p>Hat\u00e9kony kezel\u00e9s a tiszta eredm\u00e9nyek\u00e9rt. Kos\u00e1rmegfog\u00f3inkat kifejezetten a mos\u00f3kos\u00e1r m\u00e9reteinek \u00e9s form\u00e1inak sz\u00e9les sk\u00e1l\u00e1j\u00e1nak biztons\u00e1gos \u00e9s hat\u00e9kony kezel\u00e9s\u00e9re tervezt\u00e9k. K\u00fcl\u00f6nb\u00f6z\u0151 kialak\u00edt\u00e1sukkal, robusztus anyagukkal \u00e9s kieg\u00e9sz\u00edt\u0151 opci\u00f3ikkal ide\u00e1lis megold\u00e1st jelentenek alkatr\u00e9sztiszt\u00edt\u00f3 g\u00e9pek \u00e9s egy\u00e9b gy\u00e1rt\u00e1si folyamatok felszerel\u00e9s\u00e9re, ahol mos\u00f3kosarakra van sz\u00fcks\u00e9g. A munkak\u00f6r\u00fclm\u00e9nyek jav\u00edt\u00e1sa \u00e9s a hat\u00e9konys\u00e1g n\u00f6vel\u00e9se.<\/p><\/div>\n\t\t\t\t<\/div>\n\t\t\t\t\t\t\t\t<\/div>\n\t\t\t\t\t\t<\/div>\n\t\t\t\t<\/div>\n\t\t\t\t\t<\/div>\n\t\t<\/div>\n\t\t\t\t\t<\/div>\n\t\t<\/section>\n\t\t\t\t<section class=\"elementor-section elementor-top-section elementor-element elementor-element-55abec8 elementor-section-boxed elementor-section-height-default elementor-section-height-default\" data-id=\"55abec8\" data-element_type=\"section\" data-e-type=\"section\">\n\t\t\t\t\t\t<div class=\"elementor-container elementor-column-gap-default\">\n\t\t\t\t\t<div class=\"elementor-column elementor-col-100 elementor-top-column elementor-element elementor-element-7d6d0b8\" data-id=\"7d6d0b8\" data-element_type=\"column\" data-e-type=\"column\">\n\t\t\t<div class=\"elementor-widget-wrap\">\n\t\t\t\t\t\t\t<\/div>\n\t\t<\/div>\n\t\t\t\t\t<\/div>\n\t\t<\/section>\n\t\t\t\t<section class=\"elementor-section elementor-top-section elementor-element elementor-element-0102095 elementor-section-boxed elementor-section-height-default elementor-section-height-default\" data-id=\"0102095\" data-element_type=\"section\" data-e-type=\"section\">\n\t\t\t\t\t\t<div class=\"elementor-container elementor-column-gap-default\">\n\t\t\t\t\t<div class=\"elementor-column elementor-col-100 elementor-top-column elementor-element elementor-element-8c5988f\" data-id=\"8c5988f\" data-element_type=\"column\" data-e-type=\"column\">\n\t\t\t<div class=\"elementor-widget-wrap elementor-element-populated\">\n\t\t\t\t\t\t<div class=\"elementor-element elementor-element-ad6701b elementor-widget elementor-widget-heading\" data-id=\"ad6701b\" data-element_type=\"widget\" data-e-type=\"widget\" data-widget_type=\"heading.default\">\n\t\t\t\t<div class=\"elementor-widget-container\">\n\t\t\t\t\t<h2 class=\"elementor-heading-title elementor-size-default\">Alkalmaz\u00e1sok, megold\u00e1sok:<\/h2>\t\t\t\t<\/div>\n\t\t\t\t<\/div>\n\t\t\t\t\t<\/div>\n\t\t<\/div>\n\t\t\t\t\t<\/div>\n\t\t<\/section>\n\t\t\t\t<section class=\"elementor-section elementor-top-section elementor-element elementor-element-882406e elementor-section-boxed elementor-section-height-default elementor-section-height-default\" data-id=\"882406e\" data-element_type=\"section\" data-e-type=\"section\">\n\t\t\t\t\t\t<div class=\"elementor-container elementor-column-gap-default\">\n\t\t\t\t\t<div class=\"elementor-column elementor-col-33 elementor-top-column elementor-element elementor-element-eb4b2a6\" data-id=\"eb4b2a6\" data-element_type=\"column\" data-e-type=\"column\">\n\t\t\t<div class=\"elementor-widget-wrap elementor-element-populated\">\n\t\t\t\t\t\t<div class=\"elementor-element elementor-element-6d5d64a elementor-widget elementor-widget-video\" data-id=\"6d5d64a\" data-element_type=\"widget\" data-e-type=\"widget\" data-settings=\"{&quot;youtube_url&quot;:&quot;https:\\\/\\\/youtu.be\\\/NiOX5plUgPs?si=SAsPv5364CnfZOBk&quot;,&quot;video_type&quot;:&quot;youtube&quot;,&quot;controls&quot;:&quot;yes&quot;}\" data-widget_type=\"video.default\">\n\t\t\t\t<div class=\"elementor-widget-container\">\n\t\t\t\t\t\t\t<div class=\"elementor-wrapper elementor-open-inline\">\n\t\t\t<div class=\"elementor-video\"><\/div>\t\t<\/div>\n\t\t\t\t\t\t<\/div>\n\t\t\t\t<\/div>\n\t\t\t\t\t<\/div>\n\t\t<\/div>\n\t\t\t\t<div class=\"elementor-column elementor-col-33 elementor-top-column elementor-element elementor-element-badd199\" data-id=\"badd199\" data-element_type=\"column\" data-e-type=\"column\">\n\t\t\t<div class=\"elementor-widget-wrap elementor-element-populated\">\n\t\t\t\t\t\t<div class=\"elementor-element elementor-element-bde04d3 elementor-widget elementor-widget-video\" data-id=\"bde04d3\" data-element_type=\"widget\" data-e-type=\"widget\" data-settings=\"{&quot;youtube_url&quot;:&quot;https:\\\/\\\/youtu.be\\\/rV1iJU_2gyU?si=zPpEISsrHIpfft2X&quot;,&quot;video_type&quot;:&quot;youtube&quot;,&quot;controls&quot;:&quot;yes&quot;}\" data-widget_type=\"video.default\">\n\t\t\t\t<div class=\"elementor-widget-container\">\n\t\t\t\t\t\t\t<div class=\"elementor-wrapper elementor-open-inline\">\n\t\t\t<div class=\"elementor-video\"><\/div>\t\t<\/div>\n\t\t\t\t\t\t<\/div>\n\t\t\t\t<\/div>\n\t\t\t\t\t<\/div>\n\t\t<\/div>\n\t\t\t\t<div class=\"elementor-column elementor-col-33 elementor-top-column elementor-element elementor-element-1ffdeff\" data-id=\"1ffdeff\" data-element_type=\"column\" data-e-type=\"column\">\n\t\t\t<div class=\"elementor-widget-wrap elementor-element-populated\">\n\t\t\t\t\t\t<div class=\"elementor-element elementor-element-6ad9589 elementor-widget elementor-widget-video\" data-id=\"6ad9589\" data-element_type=\"widget\" data-e-type=\"widget\" data-settings=\"{&quot;youtube_url&quot;:&quot;https:\\\/\\\/youtu.be\\\/IEWwCJpFVOs?si=DBKKOLknWyEoD3uH&quot;,&quot;video_type&quot;:&quot;youtube&quot;,&quot;controls&quot;:&quot;yes&quot;}\" data-widget_type=\"video.default\">\n\t\t\t\t<div class=\"elementor-widget-container\">\n\t\t\t\t\t\t\t<div class=\"elementor-wrapper elementor-open-inline\">\n\t\t\t<div class=\"elementor-video\"><\/div>\t\t<\/div>\n\t\t\t\t\t\t<\/div>\n\t\t\t\t<\/div>\n\t\t\t\t\t<\/div>\n\t\t<\/div>\n\t\t\t\t\t<\/div>\n\t\t<\/section>\n\t\t\t\t<section class=\"elementor-section elementor-top-section elementor-element elementor-element-211651e elementor-section-boxed elementor-section-height-default elementor-section-height-default\" data-id=\"211651e\" data-element_type=\"section\" data-e-type=\"section\">\n\t\t\t\t\t\t<div class=\"elementor-container elementor-column-gap-default\">\n\t\t\t\t\t<div class=\"elementor-column elementor-col-33 elementor-top-column elementor-element elementor-element-e7cb2ec\" data-id=\"e7cb2ec\" data-element_type=\"column\" data-e-type=\"column\">\n\t\t\t<div class=\"elementor-widget-wrap elementor-element-populated\">\n\t\t\t\t\t\t<div class=\"elementor-element elementor-element-c020148 elementor-widget elementor-widget-video\" data-id=\"c020148\" data-element_type=\"widget\" data-e-type=\"widget\" data-settings=\"{&quot;youtube_url&quot;:&quot;https:\\\/\\\/youtu.be\\\/8FUwwD_i02Y?si=ic43m6LLBo3PQeMi&quot;,&quot;video_type&quot;:&quot;youtube&quot;,&quot;controls&quot;:&quot;yes&quot;}\" data-widget_type=\"video.default\">\n\t\t\t\t<div class=\"elementor-widget-container\">\n\t\t\t\t\t\t\t<div class=\"elementor-wrapper elementor-open-inline\">\n\t\t\t<div class=\"elementor-video\"><\/div>\t\t<\/div>\n\t\t\t\t\t\t<\/div>\n\t\t\t\t<\/div>\n\t\t\t\t\t<\/div>\n\t\t<\/div>\n\t\t\t\t<div class=\"elementor-column elementor-col-33 elementor-top-column elementor-element elementor-element-b024742\" data-id=\"b024742\" data-element_type=\"column\" data-e-type=\"column\">\n\t\t\t<div class=\"elementor-widget-wrap elementor-element-populated\">\n\t\t\t\t\t\t<div class=\"elementor-element elementor-element-6c6b8d6 elementor-widget elementor-widget-video\" data-id=\"6c6b8d6\" data-element_type=\"widget\" data-e-type=\"widget\" data-settings=\"{&quot;youtube_url&quot;:&quot;https:\\\/\\\/youtu.be\\\/J5CNWxfKrm8?si=BFbT6ystfP9KxwzA&quot;,&quot;video_type&quot;:&quot;youtube&quot;,&quot;controls&quot;:&quot;yes&quot;}\" data-widget_type=\"video.default\">\n\t\t\t\t<div class=\"elementor-widget-container\">\n\t\t\t\t\t\t\t<div class=\"elementor-wrapper elementor-open-inline\">\n\t\t\t<div class=\"elementor-video\"><\/div>\t\t<\/div>\n\t\t\t\t\t\t<\/div>\n\t\t\t\t<\/div>\n\t\t\t\t\t<\/div>\n\t\t<\/div>\n\t\t\t\t<div class=\"elementor-column elementor-col-33 elementor-top-column elementor-element elementor-element-bb87910\" data-id=\"bb87910\" data-element_type=\"column\" data-e-type=\"column\">\n\t\t\t<div class=\"elementor-widget-wrap elementor-element-populated\">\n\t\t\t\t\t\t<div class=\"elementor-element elementor-element-23bd6d4 elementor-widget elementor-widget-video\" data-id=\"23bd6d4\" data-element_type=\"widget\" data-e-type=\"widget\" data-settings=\"{&quot;youtube_url&quot;:&quot;https:\\\/\\\/youtu.be\\\/Qd6bDCK-gQY?si=c84xzzREE2L9_u2T&quot;,&quot;video_type&quot;:&quot;youtube&quot;,&quot;controls&quot;:&quot;yes&quot;}\" data-widget_type=\"video.default\">\n\t\t\t\t<div class=\"elementor-widget-container\">\n\t\t\t\t\t\t\t<div class=\"elementor-wrapper elementor-open-inline\">\n\t\t\t<div class=\"elementor-video\"><\/div>\t\t<\/div>\n\t\t\t\t\t\t<\/div>\n\t\t\t\t<\/div>\n\t\t\t\t\t<\/div>\n\t\t<\/div>\n\t\t\t\t\t<\/div>\n\t\t<\/section>\n\t\t\t\t<\/div>","protected":false},"excerpt":{"rendered":"<p>Standard \u00e9s egyedi term\u00e9kmegfog\u00f3k, maniul\u00e1torok C+H GRIFF Merev f\u00fcggeszt\u00e9kek Biztons\u00e1gos, er\u0151s \u00e9s sokoldal\u00fa. T\u00f6k\u00e9letes neh\u00e9z terhekhez, intuit\u00edv m\u00f3don haszn\u00e1lhat\u00f3, \u00e9s k\u00e9szen \u00e1ll a termel\u00e9kenys\u00e9g n\u00f6vel\u00e9s\u00e9re. Tekercsmozgat\u00f3 megfog\u00f3k T\u00f6k\u00e9letes megold\u00e1s bels\u0151 ny\u00edl\u00e1sokkal rendelkez\u0151 munkadarabokhoz. Sokoldal\u00fa \u00e9s nagy teljes\u00edtm\u00e9ny\u0171, a legig\u00e9nyesebb kezel\u00e9si feladatokhoz tervezve. M\u00e1gneses megfog\u00f3k Megb\u00edzhat\u00f3 munkadarab-kezel\u00e9s er\u0151s tart\u00f3er\u0151vel. Hat\u00e9kony, sokoldal\u00fa \u00e9s t\u00f6k\u00e9letes f\u00e9mmegmunk\u00e1l\u00e1si gy\u00e1rt\u00e1si folyamatokhoz. &#8230; <a title=\"Grippers\" class=\"read-more\" href=\"https:\/\/www.craneandhandling.com\/en\/chgriff\/\" aria-label=\"Read more about Term\u00e9k megfog\u00f3k\">Read more<\/a><\/p>","protected":false},"author":1,"featured_media":0,"parent":0,"menu_order":0,"comment_status":"closed","ping_status":"closed","template":"","meta":{"_seopress_robots_primary_cat":"","_seopress_titles_title":"Term\u00e9kmegfog\u00f3 - manipul\u00e1tor","_seopress_titles_desc":"Az egyszer\u0171 merev f\u00fcggeszt\u00e9kt\u0151l a szenzorokkal ell\u00e1tott pneumatikus, v\u00e1kuumos megfog\u00f3kig.","_seopress_robots_index":"","iawp_total_views":149,"footnotes":""},"class_list":["post-560","page","type-page","status-publish"],"_links":{"self":[{"href":"https:\/\/www.craneandhandling.com\/en\/wp-json\/wp\/v2\/pages\/560","targetHints":{"allow":["GET"]}}],"collection":[{"href":"https:\/\/www.craneandhandling.com\/en\/wp-json\/wp\/v2\/pages"}],"about":[{"href":"https:\/\/www.craneandhandling.com\/en\/wp-json\/wp\/v2\/types\/page"}],"author":[{"embeddable":true,"href":"https:\/\/www.craneandhandling.com\/en\/wp-json\/wp\/v2\/users\/1"}],"replies":[{"embeddable":true,"href":"https:\/\/www.craneandhandling.com\/en\/wp-json\/wp\/v2\/comments?post=560"}],"version-history":[{"count":24,"href":"https:\/\/www.craneandhandling.com\/en\/wp-json\/wp\/v2\/pages\/560\/revisions"}],"predecessor-version":[{"id":1307,"href":"https:\/\/www.craneandhandling.com\/en\/wp-json\/wp\/v2\/pages\/560\/revisions\/1307"}],"wp:attachment":[{"href":"https:\/\/www.craneandhandling.com\/en\/wp-json\/wp\/v2\/media?parent=560"}],"curies":[{"name":"wp","href":"https:\/\/api.w.org\/{rel}","templated":true}]}}