{"id":698,"date":"2024-01-04T17:05:03","date_gmt":"2024-01-04T17:05:03","guid":{"rendered":"https:\/\/www.craneandhandling.com\/?page_id=698"},"modified":"2024-05-14T13:24:16","modified_gmt":"2024-05-14T13:24:16","slug":"mantis","status":"publish","type":"page","link":"https:\/\/www.craneandhandling.com\/de\/mantis\/","title":{"rendered":"mantis"},"content":{"rendered":"<div data-elementor-type=\"wp-page\" data-elementor-id=\"698\" class=\"elementor elementor-698\" data-elementor-post-type=\"page\">\n\t\t\t\t\t\t<section class=\"elementor-section elementor-top-section elementor-element elementor-element-36e08816 elementor-section-height-min-height elementor-section-content-top elementor-section-boxed elementor-section-height-default elementor-section-items-middle\" data-id=\"36e08816\" data-element_type=\"section\" data-e-type=\"section\" data-settings=\"{&quot;background_background&quot;:&quot;classic&quot;}\">\n\t\t\t\t\t\t<div class=\"elementor-container elementor-column-gap-default\">\n\t\t\t\t\t<div class=\"elementor-column elementor-col-100 elementor-top-column elementor-element elementor-element-7c20cbe6\" data-id=\"7c20cbe6\" data-element_type=\"column\" data-e-type=\"column\">\n\t\t\t<div class=\"elementor-widget-wrap elementor-element-populated\">\n\t\t\t\t\t\t<div class=\"elementor-element elementor-element-3404b984 elementor-widget__width-initial elementor-widget elementor-widget-heading\" data-id=\"3404b984\" data-element_type=\"widget\" data-e-type=\"widget\" data-widget_type=\"heading.default\">\n\t\t\t\t<div class=\"elementor-widget-container\">\n\t\t\t\t\t<h1 class=\"elementor-heading-title elementor-size-default\">Paralell-Arm Manipulator<\/h1>\t\t\t\t<\/div>\n\t\t\t\t<\/div>\n\t\t\t\t<div class=\"elementor-element elementor-element-34f0e08c elementor-align-center elementor-widget elementor-widget-button\" data-id=\"34f0e08c\" data-element_type=\"widget\" data-e-type=\"widget\" data-widget_type=\"button.default\">\n\t\t\t\t<div class=\"elementor-widget-container\">\n\t\t\t\t\t\t\t\t\t<div class=\"elementor-button-wrapper\">\n\t\t\t\t\t<a class=\"elementor-button elementor-button-link elementor-size-xs\" href=\"#\">\n\t\t\t\t\t\t<span class=\"elementor-button-content-wrapper\">\n\t\t\t\t\t\t\t\t\t<span class=\"elementor-button-text\">MANTIS<\/span>\n\t\t\t\t\t<\/span>\n\t\t\t\t\t<\/a>\n\t\t\t\t<\/div>\n\t\t\t\t\t\t\t\t<\/div>\n\t\t\t\t<\/div>\n\t\t\t\t\t<\/div>\n\t\t<\/div>\n\t\t\t\t\t<\/div>\n\t\t<\/section>\n\t\t\t\t<section class=\"elementor-section elementor-top-section elementor-element elementor-element-42954270 elementor-section-boxed elementor-section-height-default elementor-section-height-default\" data-id=\"42954270\" data-element_type=\"section\" data-e-type=\"section\">\n\t\t\t\t\t\t<div class=\"elementor-container elementor-column-gap-default\">\n\t\t\t\t\t<div class=\"elementor-column elementor-col-100 elementor-top-column elementor-element elementor-element-6d414fb0\" data-id=\"6d414fb0\" data-element_type=\"column\" data-e-type=\"column\">\n\t\t\t<div class=\"elementor-widget-wrap elementor-element-populated\">\n\t\t\t\t\t\t<div class=\"elementor-element elementor-element-779b9e30 elementor-widget elementor-widget-toggle\" data-id=\"779b9e30\" data-element_type=\"widget\" data-e-type=\"widget\" data-widget_type=\"toggle.default\">\n\t\t\t\t<div class=\"elementor-widget-container\">\n\t\t\t\t\t\t\t<div class=\"elementor-toggle\">\n\t\t\t\t\t\t\t<div class=\"elementor-toggle-item\">\n\t\t\t\t\t<div id=\"elementor-tab-title-2001\" class=\"elementor-tab-title\" data-tab=\"1\" role=\"button\" aria-controls=\"elementor-tab-content-2001\" aria-expanded=\"false\">\n\t\t\t\t\t\t\t\t\t\t\t\t<span class=\"elementor-toggle-icon elementor-toggle-icon-left\" aria-hidden=\"true\">\n\t\t\t\t\t\t\t\t\t\t\t\t\t\t\t<span class=\"elementor-toggle-icon-closed\"><i class=\"fas fa-angle-double-down\"><\/i><\/span>\n\t\t\t\t\t\t\t\t<span class=\"elementor-toggle-icon-opened\"><i class=\"elementor-toggle-icon-opened fas fa-chevron-down\"><\/i><\/span>\n\t\t\t\t\t\t\t\t\t\t\t\t\t<\/span>\n\t\t\t\t\t\t\t\t\t\t\t\t<a class=\"elementor-toggle-title\" tabindex=\"0\">Technische Daten<\/a>\n\t\t\t\t\t<\/div>\n\n\t\t\t\t\t<div id=\"elementor-tab-content-2001\" class=\"elementor-tab-content elementor-clearfix\" data-tab=\"1\" role=\"region\" aria-labelledby=\"elementor-tab-title-2001\"><ul><li>Maxim\u00e1lis \u00fczemi nyom\u00e1s 6 bar<\/li><li>Ak\u00e1r 3600 mm munkasug\u00e1r alapkivitelben<\/li><li>Ak\u00e1r 1800 mm-es munkal\u00f6ket, fokozatmentesen \u00e1ll\u00edthat\u00f3<\/li><li>vez\u00e9rl\u0151\u00e1ramk\u00f6r, munkak\u00f6r, f\u00e9kk\u00f6r<\/li><li>A felhaszn\u00e1l\u00f3specifikus nyom\u00e1shoz \u00e1ll\u00edthat\u00f3 nyom\u00e1scs\u00f6kkent\u0151 szelep<\/li><\/ul><\/div>\n\t\t\t\t<\/div>\n\t\t\t\t\t\t\t<div class=\"elementor-toggle-item\">\n\t\t\t\t\t<div id=\"elementor-tab-title-2002\" class=\"elementor-tab-title\" data-tab=\"2\" role=\"button\" aria-controls=\"elementor-tab-content-2002\" aria-expanded=\"false\">\n\t\t\t\t\t\t\t\t\t\t\t\t<span class=\"elementor-toggle-icon elementor-toggle-icon-left\" aria-hidden=\"true\">\n\t\t\t\t\t\t\t\t\t\t\t\t\t\t\t<span class=\"elementor-toggle-icon-closed\"><i class=\"fas fa-angle-double-down\"><\/i><\/span>\n\t\t\t\t\t\t\t\t<span class=\"elementor-toggle-icon-opened\"><i class=\"elementor-toggle-icon-opened fas fa-chevron-down\"><\/i><\/span>\n\t\t\t\t\t\t\t\t\t\t\t\t\t<\/span>\n\t\t\t\t\t\t\t\t\t\t\t\t<a class=\"elementor-toggle-title\" tabindex=\"0\">Funtionen<\/a>\n\t\t\t\t\t<\/div>\n\n\t\t\t\t\t<div id=\"elementor-tab-content-2002\" class=\"elementor-tab-content elementor-clearfix\" data-tab=\"2\" role=\"region\" aria-labelledby=\"elementor-tab-title-2002\"><ul><li>A pneumatikus henger s\u0171r\u00edtett leveg\u0151vel van nyom\u00e1s alatt \u00e9s kiegyens\u00falyozza a terhel\u00e9s s\u00faly\u00e1t a hozz\u00e1 csatlakoztatott karokon kereszt\u00fcl<\/li><li>Optim\u00e1lis anyagmozgat\u00e1s a munkahelyen<\/li><li>Lehet\u0151v\u00e9 teszi a &#8222;s\u00falytalan&#8221; \u00e1thelyez\u00e9st<\/li><li>K\u00fcl\u00f6n\u00f6sen j\u00f3 kezelhet\u0151s\u00e9g, k\u00f6nnyeds\u00e9g<\/li><li>Forgassa, pontosan helyezze el \u00e9s mozgassa egy nagy munkater\u00fcleten.<\/li><li>Oszlopok \u00e9s sz\u00fcks\u00e9g eset\u00e9n falra is szerelhet\u0151<\/li><li>Bels\u0151 f\u00e9krendszer<\/li><li>Alkalmas terjedelmes terhel\u00e9sekhez<\/li><\/ul><div style=\"padding-left: 40px;\"><strong>Biztons\u00e1g<\/strong><\/div><div>\u00a0<\/div><ul><li>Anti-jump: Amikor a terhel\u00e9s elszakad, a k\u00e9sz\u00fcl\u00e9k a hely\u00e9n marad<\/li><li>Anti-drop: Hirtelen nyom\u00e1ses\u00e9s eset\u00e9n a k\u00e9sz\u00fcl\u00e9k a hely\u00e9n marad<\/li><li>Anti-drift: Hirtelen nyom\u00e1ses\u00e9s eset\u00e9n a forg\u00e1stengelyek f\u00e9kez\u0151dnek<\/li><li>T\u00falnyom\u00e1s biztons\u00e1gi szelep<\/li><\/ul><p style=\"padding-left: 40px;\">A f\u0151 forg\u00e1stengely bels\u0151 f\u00e9kei \u00e9s a g\u00e9m mechanikusan aktiv\u00e1l\u00f3dnak, ha nincs nyom\u00e1s. A pneumatikus rendszer lehet\u0151v\u00e9 teszi, hogy a felhaszn\u00e1l\u00f3 kinyissa \u0151ket \u00e9s a k\u00e9sz\u00fcl\u00e9k k\u00f6nnyed\u00e9n \u00e9s egyszer\u0171en mozgathat\u00f3.<\/p><p style=\"padding-left: 40px;\">K\u00edv\u00e1nt esetben a f\u00e9kek m\u0171k\u00f6d\u00e9s k\u00f6zben pneumatikusan is z\u00e1rhat\u00f3k, ami fokozott f\u00e9khat\u00e1st eredm\u00e9nyez.<\/p><p style=\"padding-left: 40px;\">Ha a terhel\u00e9s t\u00fal magas: Lassan s\u00fcllyedjen az als\u00f3 helyzetbe. A teher emel\u00e9se nem lehets\u00e9ges.<\/p><div style=\"padding-left: 40px;\">\u00a0<\/div><\/div>\n\t\t\t\t<\/div>\n\t\t\t\t\t\t\t<div class=\"elementor-toggle-item\">\n\t\t\t\t\t<div id=\"elementor-tab-title-2003\" class=\"elementor-tab-title\" data-tab=\"3\" role=\"button\" aria-controls=\"elementor-tab-content-2003\" aria-expanded=\"false\">\n\t\t\t\t\t\t\t\t\t\t\t\t<span class=\"elementor-toggle-icon elementor-toggle-icon-left\" aria-hidden=\"true\">\n\t\t\t\t\t\t\t\t\t\t\t\t\t\t\t<span class=\"elementor-toggle-icon-closed\"><i class=\"fas fa-angle-double-down\"><\/i><\/span>\n\t\t\t\t\t\t\t\t<span class=\"elementor-toggle-icon-opened\"><i class=\"elementor-toggle-icon-opened fas fa-chevron-down\"><\/i><\/span>\n\t\t\t\t\t\t\t\t\t\t\t\t\t<\/span>\n\t\t\t\t\t\t\t\t\t\t\t\t<a class=\"elementor-toggle-title\" tabindex=\"0\">Baugr\u00f6\u00dfen<\/a>\n\t\t\t\t\t<\/div>\n\n\t\t\t\t\t<div id=\"elementor-tab-content-2003\" class=\"elementor-tab-content elementor-clearfix\" data-tab=\"3\" role=\"region\" aria-labelledby=\"elementor-tab-title-2003\"><table><tbody><tr><td width=\"145\"><p>\u00a0<\/p><\/td><td width=\"112\"><p>MANTIS 6<\/p><\/td><td width=\"113\"><p>MANTIS 6+<\/p><\/td><td width=\"113\"><p>MANTIS 12<\/p><\/td><td width=\"113\"><p>MANTIS 12+<\/p><\/td><td width=\"113\"><p>MANTIS 25<\/p><\/td><td width=\"113\"><p>MANTIS 25+<\/p><\/td><td width=\"113\"><p>MANTIS 40<\/p><\/td><\/tr><tr><td width=\"145\"><p>MAX. TERHEL\u00c9S<\/p><\/td><td width=\"112\"><p>60 kg<\/p><\/td><td width=\"113\"><p>60 kg<\/p><\/td><td width=\"113\"><p>120 kg<\/p><\/td><td width=\"113\"><p>120 kg<\/p><\/td><td width=\"113\"><p>250 kg<\/p><\/td><td width=\"113\"><p>250 kg<\/p><\/td><td width=\"113\"><p>400 kg<\/p><\/td><\/tr><tr><td width=\"145\"><p>HUB<\/p><\/td><td width=\"112\"><p>1500 mm<\/p><\/td><td width=\"113\"><p>1 800 mm<\/p><\/td><td width=\"113\"><p>1 500 mm<\/p><\/td><td width=\"113\"><p>1 800 mm<\/p><\/td><td width=\"113\"><p>1 500 mm<\/p><\/td><td width=\"113\"><p>1 800 mm<\/p><\/td><td width=\"113\"><p>1 500 mm<\/p><\/td><\/tr><tr><td width=\"145\"><p>M\u0170K\u00d6D\u00c9SI SUG\u00c1R<\/p><\/td><td width=\"112\"><p>2 800 mm<\/p><\/td><td width=\"113\"><p>2 800 mm<\/p><\/td><td width=\"113\"><p>2 800 mm<\/p><\/td><td width=\"113\"><p>2 800 mm<\/p><\/td><td width=\"113\"><p>2 800 mm<\/p><\/td><td width=\"113\"><p>2 800 mm<\/p><\/td><td width=\"113\"><p>2 800 mm<\/p><\/td><\/tr><tr><td width=\"145\"><p>S\u00daLY<\/p><\/td><td width=\"112\"><p>&#8211;<\/p><\/td><td width=\"113\"><p>230 kg<\/p><\/td><td width=\"113\"><p>220 kg<\/p><\/td><td width=\"113\"><p>390 kg<\/p><\/td><td width=\"113\"><p>368 kg<\/p><\/td><td width=\"113\"><p>520 kg<\/p><\/td><td width=\"113\"><p>480 kg<\/p><\/td><\/tr><tr><td width=\"145\"><p>\u00c1LL\u00d3 OSZLOP S\u00daLYA<\/p><\/td><td width=\"112\"><p>&#8211;<\/p><\/td><td colspan=\"2\" width=\"225\"><p>320 kg<\/p><\/td><td colspan=\"2\" width=\"225\"><p>420 kg<\/p><\/td><td colspan=\"2\" width=\"225\"><p>436 kg<\/p><\/td><\/tr><tr><td width=\"145\"><p>S\u00daLYOSZLOP MOBIL<\/p><\/td><td width=\"112\"><p>&#8211;<\/p><\/td><td colspan=\"2\" width=\"225\"><p>1400 kg<\/p><\/td><td colspan=\"2\" width=\"225\"><p>2640 kg<\/p><\/td><td colspan=\"2\" width=\"225\"><p>3770 kg<\/p><\/td><\/tr><tr><td width=\"145\"><p>K\u00dcLS\u0150 \u00d8 TERHEL\u00c9SELOSZT\u00d3 LEMEZ<\/p><\/td><td width=\"112\"><p>&#8211;<\/p><\/td><td colspan=\"6\" width=\"676\"><p>\u00a0<\/p><p>630 mm<\/p><\/td><\/tr><tr><td width=\"145\"><p>STANDARD OSZLOP<\/p><\/td><td width=\"112\"><p>&#8211;<\/p><\/td><td colspan=\"6\" width=\"676\"><p>2000 mm<\/p><\/td><\/tr><tr><td width=\"145\"><p>TEHERELOSZT\u00d3 LEMEZ<\/p><\/td><td width=\"112\"><p>&#8211;<\/p><\/td><td colspan=\"6\" width=\"676\"><p>VAS2 BG300-630-M16<\/p><\/td><\/tr><tr><td width=\"145\"><p>BELMAGASS\u00c1G MIN.<\/p><\/td><td width=\"112\"><p>&#8211;<\/p><\/td><td width=\"113\"><p>4400 mm<\/p><\/td><td width=\"113\"><p>4100 mm<\/p><\/td><td width=\"113\"><p>4500 mm<\/p><\/td><td width=\"113\"><p>4200 mm<\/p><\/td><td width=\"113\"><p>4600 mm<\/p><\/td><td width=\"113\"><p>4300 mm<\/p><\/td><\/tr><\/tbody><\/table><p>\u00a0<\/p><p><span style=\"color: #575756; font-family: Source Sans Pro, sans-serif;\"><span style=\"font-size: 18px;\">Az \u00fcgyf\u00e9lspecifikus k\u00f6vetelm\u00e9nyek, mint p\u00e9ld\u00e1ul a nagyobb hasznos terhel\u00e9s, a nagyobb sug\u00e1r vagy a nagyobb l\u00f6ket a param\u00e9terek k\u00fcl\u00f6n vizsg\u00e1lata ut\u00e1n val\u00f3s\u00edthat\u00f3k meg.<\/span><\/span><\/p><\/div>\n\t\t\t\t<\/div>\n\t\t\t\t\t\t\t<div class=\"elementor-toggle-item\">\n\t\t\t\t\t<div id=\"elementor-tab-title-2004\" class=\"elementor-tab-title\" data-tab=\"4\" role=\"button\" aria-controls=\"elementor-tab-content-2004\" aria-expanded=\"false\">\n\t\t\t\t\t\t\t\t\t\t\t\t<span class=\"elementor-toggle-icon elementor-toggle-icon-left\" aria-hidden=\"true\">\n\t\t\t\t\t\t\t\t\t\t\t\t\t\t\t<span class=\"elementor-toggle-icon-closed\"><i class=\"fas fa-angle-double-down\"><\/i><\/span>\n\t\t\t\t\t\t\t\t<span class=\"elementor-toggle-icon-opened\"><i class=\"elementor-toggle-icon-opened fas fa-chevron-down\"><\/i><\/span>\n\t\t\t\t\t\t\t\t\t\t\t\t\t<\/span>\n\t\t\t\t\t\t\t\t\t\t\t\t<a class=\"elementor-toggle-title\" tabindex=\"0\">Eigenschaften<\/a>\n\t\t\t\t\t<\/div>\n\n\t\t\t\t\t<div id=\"elementor-tab-content-2004\" class=\"elementor-tab-content elementor-clearfix\" data-tab=\"4\" role=\"region\" aria-labelledby=\"elementor-tab-title-2004\"><ul><li>K\u00fcl\u00f6nb\u00f6z\u0151 pick-up eszk\u00f6z\u00f6k vagy megfog\u00f3 megold\u00e1sok. A Sachs Engineering GmbH t\u00f6bb, mint 25 \u00e9ves tervez\u00e9si \u00e9s term\u00e9kfejleszt\u00e9si tapasztalat\u00e1nak k\u00f6sz\u00f6nhet\u0151en minden alkalmaz\u00e1shoz ki tudjuk fejleszteni a megfelel\u0151 megold\u00e1st.<\/li><li>K\u00f6nny\u0171 anyagok (alum\u00ednium, m\u0171anyag).<\/li><li>Nincsenek szabadon l\u00e9v\u0151 vagy l\u00e1that\u00f3 t\u00f6ml\u0151k \u00e9s egy\u00e9b egyedi alkatr\u00e9szek.<\/li><li>Ha a terhel\u00e9s t\u00fal magas:<\/li><\/ul><p style=\"padding-left: 40px;\">&#8211; Lass\u00fa ereszked\u00e9s az als\u00f3 helyzetbe<\/p><p style=\"padding-left: 40px;\">&#8211; A teher emel\u00e9se nem lehets\u00e9ges<\/p><p>\u00a0<\/p><p><strong>K\u00fcl\u00f6nb\u00f6z\u0151 \u00fczemm\u00f3dok lehets\u00e9gesek<\/strong><\/p><p>Automatikus beszab\u00e1lyoz\u00e1svez\u00e9rl\u00e9s be\u00e9p\u00edtett m\u00e9rleggel (opcion\u00e1lisan el\u00e9rhet\u0151 a megfog\u00f3ban):<\/p><p>A m\u00e9rleg bekapcsol\u00e1s\u00e1val a m\u00e9rleg felv\u00e9telekor azonnal \u00e9rz\u00e9keli a s\u00falyt, \u00e9s automatikusan be\u00e1ll\u00edtja a t\u00e1maszt\u00f3er\u0151t. A m\u00e9rleg egyetlen gombnyom\u00e1ssal be- \u00e9s kikapcsolhat\u00f3.<\/p><p>\u00c1lland\u00f3 beszab\u00e1lyoz\u00e1svez\u00e9rl\u00e9s manu\u00e1lisan: Ha ugyanazt a terhel\u00e9st mozgatja mindig, a megfelel\u0151 s\u00faly szelep seg\u00edts\u00e9g\u00e9vel \u00e1ll\u00edthat\u00f3. A s\u00falykompenz\u00e1ci\u00f3 egy gombnyom\u00e1sra aktiv\u00e1l\u00f3dik megfog\u00e1s ut\u00e1n.<\/p><p>V\u00e1ltakoz\u00f3 beszab\u00e1lyoz\u00e1svez\u00e9rl\u00e9s manu\u00e1lisan: Ha k\u00fcl\u00f6nb\u00f6z\u0151 s\u00faly\u00fa k\u00fcl\u00f6n\u00e1ll\u00f3 alkatr\u00e9szeket vesz fel, a s\u00falykompenz\u00e1ci\u00f3 manu\u00e1lisan is be\u00e1ll\u00edthat\u00f3 minden alkalommal, amikor a rakom\u00e1nyt felveszik.<\/p><\/div>\n\t\t\t\t<\/div>\n\t\t\t\t\t\t\t<div class=\"elementor-toggle-item\">\n\t\t\t\t\t<div id=\"elementor-tab-title-2005\" class=\"elementor-tab-title\" data-tab=\"5\" role=\"button\" aria-controls=\"elementor-tab-content-2005\" aria-expanded=\"false\">\n\t\t\t\t\t\t\t\t\t\t\t\t<span class=\"elementor-toggle-icon elementor-toggle-icon-left\" aria-hidden=\"true\">\n\t\t\t\t\t\t\t\t\t\t\t\t\t\t\t<span class=\"elementor-toggle-icon-closed\"><i class=\"fas fa-angle-double-down\"><\/i><\/span>\n\t\t\t\t\t\t\t\t<span class=\"elementor-toggle-icon-opened\"><i class=\"elementor-toggle-icon-opened fas fa-chevron-down\"><\/i><\/span>\n\t\t\t\t\t\t\t\t\t\t\t\t\t<\/span>\n\t\t\t\t\t\t\t\t\t\t\t\t<a class=\"elementor-toggle-title\" tabindex=\"0\">Einsatzgebiete<\/a>\n\t\t\t\t\t<\/div>\n\n\t\t\t\t\t<div id=\"elementor-tab-content-2005\" class=\"elementor-tab-content elementor-clearfix\" data-tab=\"5\" role=\"region\" aria-labelledby=\"elementor-tab-title-2005\"><p>A MANTIS p\u00e1rhuzamos kar\u00fa manipul\u00e1tort akkor haszn\u00e1lj\u00e1k, ha:<\/p><ul><li>Pillanatok t\u00f6rt\u00e9nnek a terhel\u00e9si alkalmaz\u00e1sn\u00e1l<\/li><li>A terhel\u00e9st le kell venni a k\u00f6z\u00e9ppontb\u00f3l<\/li><li>a tehercsap\u00e1gyn\u00e1l nem fordulhat el\u0151 nyomat\u00e9k<\/li><li>A beavatkoz\u00e1st g\u00e9pablakon bel\u00fcl kell elv\u00e9gezni, \u00e9s fel\u00fclr\u0151l nem lehet hozz\u00e1f\u00e9rni<\/li><\/ul><p>V\u00e1kuumos megfog\u00f3k &amp; Co.<\/p><p>A MANTIS p\u00e1rhuzamos kar\u00fa manipul\u00e1tor a megfog\u00f3 megold\u00e1sok sz\u00e9les sk\u00e1l\u00e1j\u00e1val kombin\u00e1lhat\u00f3, mint p\u00e9ld\u00e1ul v\u00e1kuumos megfog\u00f3k, mechanikus megfog\u00f3k \u00e9s m\u00e9g sok m\u00e1s, hogy megfeleljen minden k\u00f6vetelm\u00e9nynek.<\/p><\/div>\n\t\t\t\t<\/div>\n\t\t\t\t\t\t\t\t<\/div>\n\t\t\t\t\t\t<\/div>\n\t\t\t\t<\/div>\n\t\t\t\t\t<\/div>\n\t\t<\/div>\n\t\t\t\t\t<\/div>\n\t\t<\/section>\n\t\t\t\t<\/div>","protected":false},"excerpt":{"rendered":"<p>P\u00e1rhuzamkaros manipul\u00e1tor MANTIS M\u0171szaki adatok Maxim\u00e1lis \u00fczemi nyom\u00e1s 6 bar Ak\u00e1r 3600 mm munkasug\u00e1r alapkivitelben Ak\u00e1r 1800 mm-es munkal\u00f6ket, fokozatmentesen \u00e1ll\u00edthat\u00f3 vez\u00e9rl\u0151\u00e1ramk\u00f6r, munkak\u00f6r, f\u00e9kk\u00f6r A felhaszn\u00e1l\u00f3specifikus nyom\u00e1shoz \u00e1ll\u00edthat\u00f3 nyom\u00e1scs\u00f6kkent\u0151 szelep Funkci\u00f3k A pneumatikus henger s\u0171r\u00edtett leveg\u0151vel van nyom\u00e1s alatt \u00e9s kiegyens\u00falyozza a terhel\u00e9s s\u00faly\u00e1t a hozz\u00e1 csatlakoztatott karokon kereszt\u00fcl Optim\u00e1lis anyagmozgat\u00e1s a munkahelyen Lehet\u0151v\u00e9 teszi &#8230; <a title=\"mantis\" class=\"read-more\" href=\"https:\/\/www.craneandhandling.com\/de\/mantis\/\" aria-label=\"Mehr Informationen \u00fcber mantis\">Weiterlesen<\/a><\/p>","protected":false},"author":1,"featured_media":0,"parent":0,"menu_order":0,"comment_status":"closed","ping_status":"closed","template":"elementor_header_footer","meta":{"_seopress_robots_primary_cat":"","_seopress_titles_title":"Crane+Handling - MANTIS","_seopress_titles_desc":"Crane+Handling - MANTIS p\u00e1rhuzamkaros manipul\u00e1tor","_seopress_robots_index":"","iawp_total_views":98,"footnotes":""},"class_list":["post-698","page","type-page","status-publish"],"_links":{"self":[{"href":"https:\/\/www.craneandhandling.com\/de\/wp-json\/wp\/v2\/pages\/698","targetHints":{"allow":["GET"]}}],"collection":[{"href":"https:\/\/www.craneandhandling.com\/de\/wp-json\/wp\/v2\/pages"}],"about":[{"href":"https:\/\/www.craneandhandling.com\/de\/wp-json\/wp\/v2\/types\/page"}],"author":[{"embeddable":true,"href":"https:\/\/www.craneandhandling.com\/de\/wp-json\/wp\/v2\/users\/1"}],"replies":[{"embeddable":true,"href":"https:\/\/www.craneandhandling.com\/de\/wp-json\/wp\/v2\/comments?post=698"}],"version-history":[{"count":10,"href":"https:\/\/www.craneandhandling.com\/de\/wp-json\/wp\/v2\/pages\/698\/revisions"}],"predecessor-version":[{"id":1198,"href":"https:\/\/www.craneandhandling.com\/de\/wp-json\/wp\/v2\/pages\/698\/revisions\/1198"}],"wp:attachment":[{"href":"https:\/\/www.craneandhandling.com\/de\/wp-json\/wp\/v2\/media?parent=698"}],"curies":[{"name":"wp","href":"https:\/\/api.w.org\/{rel}","templated":true}]}}