{"id":344,"date":"2023-08-28T22:25:09","date_gmt":"2023-08-28T22:25:09","guid":{"rendered":"https:\/\/www.craneandhandling.com\/?page_id=344"},"modified":"2024-02-10T09:31:37","modified_gmt":"2024-02-10T09:31:37","slug":"magungrol","status":"publish","type":"page","link":"https:\/\/www.craneandhandling.com\/de\/magungrol\/","title":{"rendered":"\u00dcber uns"},"content":{"rendered":"<div data-elementor-type=\"wp-page\" data-elementor-id=\"344\" class=\"elementor elementor-344\" data-elementor-post-type=\"page\">\n\t\t\t\t\t\t<section class=\"elementor-section elementor-top-section elementor-element elementor-element-c08263b elementor-section-boxed elementor-section-height-default elementor-section-height-default\" data-id=\"c08263b\" data-element_type=\"section\" data-e-type=\"section\">\n\t\t\t\t\t\t<div class=\"elementor-container elementor-column-gap-default\">\n\t\t\t\t\t<div class=\"elementor-column elementor-col-100 elementor-top-column elementor-element elementor-element-8bbb4d4\" data-id=\"8bbb4d4\" data-element_type=\"column\" data-e-type=\"column\">\n\t\t\t<div class=\"elementor-widget-wrap elementor-element-populated\">\n\t\t\t\t\t\t<div class=\"elementor-element elementor-element-09bef98 elementor-widget elementor-widget-spacer\" data-id=\"09bef98\" data-element_type=\"widget\" data-e-type=\"widget\" data-widget_type=\"spacer.default\">\n\t\t\t\t<div class=\"elementor-widget-container\">\n\t\t\t\t\t\t\t<div class=\"elementor-spacer\">\n\t\t\t<div class=\"elementor-spacer-inner\"><\/div>\n\t\t<\/div>\n\t\t\t\t\t\t<\/div>\n\t\t\t\t<\/div>\n\t\t\t\t\t<\/div>\n\t\t<\/div>\n\t\t\t\t\t<\/div>\n\t\t<\/section>\n\t\t\t\t<section class=\"elementor-section elementor-top-section elementor-element elementor-element-45858b6 elementor-section-boxed elementor-section-height-default elementor-section-height-default\" data-id=\"45858b6\" data-element_type=\"section\" data-e-type=\"section\">\n\t\t\t\t\t\t<div class=\"elementor-container elementor-column-gap-default\">\n\t\t\t\t\t<div class=\"elementor-column elementor-col-50 elementor-top-column elementor-element elementor-element-7d62ab62\" data-id=\"7d62ab62\" data-element_type=\"column\" data-e-type=\"column\">\n\t\t\t<div class=\"elementor-widget-wrap elementor-element-populated\">\n\t\t\t\t\t\t<div class=\"elementor-element elementor-element-662b6e9b elementor-widget elementor-widget-text-editor\" data-id=\"662b6e9b\" data-element_type=\"widget\" data-e-type=\"widget\" data-widget_type=\"text-editor.default\">\n\t\t\t\t<div class=\"elementor-widget-container\">\n\t\t\t\t\t\t\t\t\t<div class=\"row row-mddl\"><div class=\"span12\"><h5 class=\"translation-block\">C+H Solutions GmbH ist ein neues Unternehmen, aber als Gr\u00fcnder verf\u00fcgen wir \u00fcber 10-15 Jahre Erfahrung im Bereich Krane, Hebezeuge und Materialhandling. Wir haben erfolgreich zahlreiche Projekte und Installationen in L\u00e4ndern in Zentral- und Osteuropa durchgef\u00fchrt, insbesondere f\u00fcr Automobilfabriken und Automobilzulieferer.<\/h5><h5><span class=\"HwtZe\" lang=\"hu\"><span class=\"jCAhz ChMk0b\"><span class=\"ryNqvb\">Mit unserem Fachwissen und technischen Kenntnissen stehen wir unseren Kunden zur Verf\u00fcgung.<\/span><\/span><\/span><\/h5><h5><span class=\"HwtZe\" lang=\"hu\"><span class=\"jCAhz ChMk0b\"><span class=\"ryNqvb\">Wir erweitern kontinuierlich unser Angebot an Dienstleistungen und Produkten.<\/span><\/span> <span class=\"jCAhz ChMk0b\"><span class=\"ryNqvb\"><br \/><\/span><\/span><\/span><\/h5><h5 class=\"wrap-article translation-block\">Unsere Hauptt\u00e4tigkeit besteht darin, Produkte von <strong>LiFTKON GmbH.<\/strong> und <strong>sachs products GmbH. <\/strong> in den L\u00e4ndern Zentral- und Osteuropas zu vertreiben. Dar\u00fcber hinaus bieten wir Dienstleistungen im Bereich Planung, Transport, Installation, Reparatur, Modernisierung und Wartung von Hebezeugen an.<\/h5><h5 class=\"wrap-article\"><span class=\"HwtZe\" lang=\"hu\"><span class=\"jCAhz ChMk0b\"><span class=\"ryNqvb\">Wir legen Wert auf Qualit\u00e4t, deshalb arbeitet unser Unternehmen mit den renommiertesten europ\u00e4ischen Herstellern zusammen.<\/span><\/span><\/span><\/h5><\/div><\/div>\t\t\t\t\t\t\t\t<\/div>\n\t\t\t\t<\/div>\n\t\t\t\t<section class=\"elementor-section elementor-inner-section elementor-element elementor-element-296c0c09 elementor-section-boxed elementor-section-height-default elementor-section-height-default\" data-id=\"296c0c09\" data-element_type=\"section\" data-e-type=\"section\">\n\t\t\t\t\t\t<div class=\"elementor-container elementor-column-gap-default\">\n\t\t\t\t\t<div class=\"elementor-column elementor-col-50 elementor-inner-column elementor-element elementor-element-11a04d3f\" data-id=\"11a04d3f\" data-element_type=\"column\" data-e-type=\"column\">\n\t\t\t<div class=\"elementor-widget-wrap\">\n\t\t\t\t\t\t\t<\/div>\n\t\t<\/div>\n\t\t\t\t<div class=\"elementor-column elementor-col-50 elementor-inner-column elementor-element elementor-element-23466cb\" data-id=\"23466cb\" data-element_type=\"column\" data-e-type=\"column\">\n\t\t\t<div class=\"elementor-widget-wrap\">\n\t\t\t\t\t\t\t<\/div>\n\t\t<\/div>\n\t\t\t\t\t<\/div>\n\t\t<\/section>\n\t\t\t\t\t<\/div>\n\t\t<\/div>\n\t\t\t\t<div class=\"elementor-column elementor-col-50 elementor-top-column elementor-element elementor-element-c3e745e\" data-id=\"c3e745e\" data-element_type=\"column\" data-e-type=\"column\">\n\t\t\t<div class=\"elementor-widget-wrap elementor-element-populated\">\n\t\t\t\t\t\t<div class=\"elementor-element elementor-element-7409563 elementor-widget elementor-widget-image\" data-id=\"7409563\" data-element_type=\"widget\" data-e-type=\"widget\" data-widget_type=\"image.default\">\n\t\t\t\t<div class=\"elementor-widget-container\">\n\t\t\t\t\t\t\t\t\t\t\t\t\t\t\t<img fetchpriority=\"high\" decoding=\"async\" width=\"600\" height=\"729\" src=\"https:\/\/www.craneandhandling.com\/wp-content\/uploads\/2024\/01\/workings-map-768x933.png\" class=\"attachment-medium_large size-medium_large wp-image-1096\" alt=\"\" srcset=\"https:\/\/www.craneandhandling.com\/wp-content\/uploads\/2024\/01\/workings-map-768x933.png 768w, https:\/\/www.craneandhandling.com\/wp-content\/uploads\/2024\/01\/workings-map-247x300.png 247w, https:\/\/www.craneandhandling.com\/wp-content\/uploads\/2024\/01\/workings-map-843x1024.png 843w, https:\/\/www.craneandhandling.com\/wp-content\/uploads\/2024\/01\/workings-map-10x12.png 10w, https:\/\/www.craneandhandling.com\/wp-content\/uploads\/2024\/01\/workings-map.png 1106w\" sizes=\"(max-width: 600px) 100vw, 600px\" \/>\t\t\t\t\t\t\t\t\t\t\t\t\t\t\t<\/div>\n\t\t\t\t<\/div>\n\t\t\t\t\t<\/div>\n\t\t<\/div>\n\t\t\t\t\t<\/div>\n\t\t<\/section>\n\t\t\t\t<\/div>","protected":false},"excerpt":{"rendered":"<p>C+H Solutions Kft. ugyan egy \u00faj c\u00e9g, de alap\u00edt\u00f3k\u00e9nt 10-15 \u00e9ves tapasztalattal rendelkez\u00fcnk a daruk, emel\u0151g\u00e9pek \u00e9s az anyagmozgat\u00e1s ter\u00fclet\u00e9n. Sz\u00e1mtalan projektet \u00e9s telep\u00edt\u00e9st val\u00f3s\u00edtottunk meg K\u00f6z\u00e9p- \u00e9s Kelet Eur\u00f3pa orsz\u00e1gaiban f\u0151k\u00e9nt aut\u00f3gy\u00e1rak \u00e9s aut\u00f3ipari besz\u00e1ll\u00edt\u00f3k r\u00e9sz\u00e9re. Szakmai hozz\u00e1\u00e9rt\u00e9s\u00fcnkkel \u00e9s m\u0171szaki tud\u00e1sunkkal \u00e1llunk \u00fcgyfeleink rendelkez\u00e9s\u00e9re. Folyamatosan b\u0151v\u00edtj\u00fck szolg\u00e1ltat\u00e1saink \u00e9s term\u00e9keink k\u00f6r\u00e9t. F\u0151 tev\u00e9kenys\u00e9g\u00fcnk a LiFTKON &#8230; <a title=\"\u00dcber uns\" class=\"read-more\" href=\"https:\/\/www.craneandhandling.com\/de\/magungrol\/\" aria-label=\"Mehr Informationen \u00fcber Magunkr\u00f3l\">Weiterlesen<\/a><\/p>","protected":false},"author":1,"featured_media":0,"parent":0,"menu_order":0,"comment_status":"closed","ping_status":"closed","template":"elementor_header_footer","meta":{"_seopress_robots_primary_cat":"","_seopress_titles_title":"Crane and Handling - LiFTKON electrical balancers and manipulators","_seopress_titles_desc":"LiFTKON Wizard rail and column mounted manipulators up to 600 kg load capacity","_seopress_robots_index":"","iawp_total_views":411,"footnotes":""},"class_list":["post-344","page","type-page","status-publish"],"_links":{"self":[{"href":"https:\/\/www.craneandhandling.com\/de\/wp-json\/wp\/v2\/pages\/344","targetHints":{"allow":["GET"]}}],"collection":[{"href":"https:\/\/www.craneandhandling.com\/de\/wp-json\/wp\/v2\/pages"}],"about":[{"href":"https:\/\/www.craneandhandling.com\/de\/wp-json\/wp\/v2\/types\/page"}],"author":[{"embeddable":true,"href":"https:\/\/www.craneandhandling.com\/de\/wp-json\/wp\/v2\/users\/1"}],"replies":[{"embeddable":true,"href":"https:\/\/www.craneandhandling.com\/de\/wp-json\/wp\/v2\/comments?post=344"}],"version-history":[{"count":14,"href":"https:\/\/www.craneandhandling.com\/de\/wp-json\/wp\/v2\/pages\/344\/revisions"}],"predecessor-version":[{"id":1132,"href":"https:\/\/www.craneandhandling.com\/de\/wp-json\/wp\/v2\/pages\/344\/revisions\/1132"}],"wp:attachment":[{"href":"https:\/\/www.craneandhandling.com\/de\/wp-json\/wp\/v2\/media?parent=344"}],"curies":[{"name":"wp","href":"https:\/\/api.w.org\/{rel}","templated":true}]}}